{"id":238,"date":"2016-05-11T14:59:21","date_gmt":"2016-05-11T14:59:21","guid":{"rendered":"https:\/\/www.schaper-gartenbau.de\/?page_id=238"},"modified":"2018-05-15T18:13:57","modified_gmt":"2018-05-15T18:13:57","slug":"im-trend-ruinen","status":"publish","type":"page","link":"https:\/\/www.schaper-gartenbau.de\/?page_id=238","title":{"rendered":"Im Trend: Ruinen"},"content":{"rendered":"<h3>Ruinen im Garten?<\/h3>\n<p>Eine nicht ganz neue Idee, die sich in den letzten Jahren wieder gro\u00dfer Beliebtheit erfreut. Das Mauerwerk bietet Sichtschutz, dient als Rankhilfe f\u00fcr Pflanzen und bietet einen sch\u00f6nen Kontrast zu den umgebenden Bepflanzungen.<\/p>\n<p style=\"text-align: left;\">Wir haben hier auf Wunsch des Bauherrn eine Kombination aus dunklem Basalt und hellem Granit verbaut:<\/p>\n<p style=\"text-align: center;\"><!-- default-view.php -->\n<div\n\tclass=\"ngg-galleryoverview default-view\n\t\t\"\n\tid=\"ngg-gallery-5dc0d522ae5d13151cdb5e8c37b699a6-1\"\n\tdata-nextgen-gallery-id=\"6\"\n\tdata-gallery-id=\"6\"\n\t\tdata-gallery-name=\"gallery_ruine\"\n\t>\n\n\t\t<!-- Thumbnails -->\n\t\t\t\t<div id=\"ngg-image-0\" class=\"ngg-gallery-thumbnail-box\n\t\t\t\t\t\t\t\tngg-3-columns\t\t\t\"\n\t\t\t>\n\t\t\t\t\t\t<div class=\"ngg-gallery-thumbnail\">\n\t\t<a href=\"https:\/\/www.schaper-gartenbau.de\/wp-content\/gallery\/gallery_ruine\/img_ruine_01.jpg?t=1463348311\"\n\t\t\ttitle=\"\"\n\t\t\tdata-src=\"https:\/\/www.schaper-gartenbau.de\/wp-content\/gallery\/gallery_ruine\/img_ruine_01.jpg?t=1463348311\"\n\t\t\tdata-thumbnail=\"https:\/\/www.schaper-gartenbau.de\/wp-content\/gallery\/gallery_ruine\/thumbs\/thumbs_img_ruine_01.jpg?t=1463348311\"\n\t\t\tdata-image-id=\"18\"\n\t\t\tdata-image-name=\"img_ruine_01.jpg\"\n\t\t\tdata-title=\"Basalt &amp; Granit, am Boden heller Quarzit\"\n\t\t\tdata-description=\"\"\n\t\t\tdata-image-slug=\"img_ruine_01\"\n\t\t\t\t\t\t\t\t\t\t\t\t\t\t\t\t\t\t\t\tclass=\"ngg-fancybox\" rel=\"5dc0d522ae5d13151cdb5e8c37b699a6\">\n\t\t\t\t\t\t\t\t<img\n\t\t\t\t\ttitle=\"Basalt &amp; Granit, am Boden heller Quarzit\"\n\t\t\t\t\talt=\"Basalt &amp; Granit, am Boden heller Quarzit\"\n\t\t\t\t\tsrc=\"https:\/\/www.schaper-gartenbau.de\/wp-content\/gallery\/gallery_ruine\/thumbs\/thumbs_img_ruine_01.jpg?t=1463348311\"\n\t\t\t\t\twidth=\"240\"\n\t\t\t\t\theight=\"240\"\n\t\t\t\t\tstyle=\"max-width:100%;\"\n\t\t\t\t\/>\n\t\t\t<\/a>\n\t\t<\/div>\n\t\t\t\t\t\t\t<\/div>\n\t\t\t\n\t\t\t\t<div id=\"ngg-image-1\" class=\"ngg-gallery-thumbnail-box\n\t\t\t\t\t\t\t\tngg-3-columns\t\t\t\"\n\t\t\t>\n\t\t\t\t\t\t<div class=\"ngg-gallery-thumbnail\">\n\t\t<a href=\"https:\/\/www.schaper-gartenbau.de\/wp-content\/gallery\/gallery_ruine\/img_ruine_02.jpg?t=1462978462\"\n\t\t\ttitle=\"\"\n\t\t\tdata-src=\"https:\/\/www.schaper-gartenbau.de\/wp-content\/gallery\/gallery_ruine\/img_ruine_02.jpg?t=1462978462\"\n\t\t\tdata-thumbnail=\"https:\/\/www.schaper-gartenbau.de\/wp-content\/gallery\/gallery_ruine\/thumbs\/thumbs_img_ruine_02.jpg?t=1462978462\"\n\t\t\tdata-image-id=\"19\"\n\t\t\tdata-image-name=\"img_ruine_02.jpg\"\n\t\t\tdata-title=\"Basalt &amp; Granit\"\n\t\t\tdata-description=\"\"\n\t\t\tdata-image-slug=\"img_ruine_02\"\n\t\t\t\t\t\t\t\t\t\t\t\t\t\t\t\t\t\t\t\tclass=\"ngg-fancybox\" rel=\"5dc0d522ae5d13151cdb5e8c37b699a6\">\n\t\t\t\t\t\t\t\t<img\n\t\t\t\t\ttitle=\"Basalt &amp; Granit\"\n\t\t\t\t\talt=\"Basalt &amp; Granit\"\n\t\t\t\t\tsrc=\"https:\/\/www.schaper-gartenbau.de\/wp-content\/gallery\/gallery_ruine\/thumbs\/thumbs_img_ruine_02.jpg?t=1462978462\"\n\t\t\t\t\twidth=\"240\"\n\t\t\t\t\theight=\"240\"\n\t\t\t\t\tstyle=\"max-width:100%;\"\n\t\t\t\t\/>\n\t\t\t<\/a>\n\t\t<\/div>\n\t\t\t\t\t\t\t<\/div>\n\t\t\t\n\t\t\t\t<div id=\"ngg-image-2\" class=\"ngg-gallery-thumbnail-box\n\t\t\t\t\t\t\t\tngg-3-columns\t\t\t\"\n\t\t\t>\n\t\t\t\t\t\t<div class=\"ngg-gallery-thumbnail\">\n\t\t<a href=\"https:\/\/www.schaper-gartenbau.de\/wp-content\/gallery\/gallery_ruine\/img_ruine_03.jpg?t=1462978462\"\n\t\t\ttitle=\"\"\n\t\t\tdata-src=\"https:\/\/www.schaper-gartenbau.de\/wp-content\/gallery\/gallery_ruine\/img_ruine_03.jpg?t=1462978462\"\n\t\t\tdata-thumbnail=\"https:\/\/www.schaper-gartenbau.de\/wp-content\/gallery\/gallery_ruine\/thumbs\/thumbs_img_ruine_03.jpg?t=1462978462\"\n\t\t\tdata-image-id=\"20\"\n\t\t\tdata-image-name=\"img_ruine_03.jpg\"\n\t\t\tdata-title=\"Basalt &amp; Granit\"\n\t\t\tdata-description=\"\"\n\t\t\tdata-image-slug=\"img_ruine_03\"\n\t\t\t\t\t\t\t\t\t\t\t\t\t\t\t\t\t\t\t\tclass=\"ngg-fancybox\" rel=\"5dc0d522ae5d13151cdb5e8c37b699a6\">\n\t\t\t\t\t\t\t\t<img\n\t\t\t\t\ttitle=\"Basalt &amp; Granit\"\n\t\t\t\t\talt=\"Basalt &amp; Granit\"\n\t\t\t\t\tsrc=\"https:\/\/www.schaper-gartenbau.de\/wp-content\/gallery\/gallery_ruine\/thumbs\/thumbs_img_ruine_03.jpg?t=1462978462\"\n\t\t\t\t\twidth=\"240\"\n\t\t\t\t\theight=\"240\"\n\t\t\t\t\tstyle=\"max-width:100%;\"\n\t\t\t\t\/>\n\t\t\t<\/a>\n\t\t<\/div>\n\t\t\t\t\t\t\t<\/div>\n\t\t\t\n\t\n\t<br style=\"clear: both\" \/>\n\n\t\n\t\t<!-- Pagination -->\n\t\t<div class='ngg-clear'><\/div>\t<\/div>\n<\/p>\n","protected":false},"excerpt":{"rendered":"<p>Ruinen im Garten? Eine nicht ganz neue Idee, die sich in den letzten Jahren wieder gro\u00dfer Beliebtheit erfreut. Das Mauerwerk bietet Sichtschutz, dient als Rankhilfe f\u00fcr Pflanzen und bietet einen sch\u00f6nen Kontrast zu den umgebenden Bepflanzungen. Wir haben hier auf Wunsch des Bauherrn eine Kombination aus dunklem Basalt und hellem Granit verbaut:<\/p>\n","protected":false},"author":1,"featured_media":0,"parent":34,"menu_order":1,"comment_status":"closed","ping_status":"closed","template":"","meta":{"ngg_post_thumbnail":0},"_links":{"self":[{"href":"https:\/\/www.schaper-gartenbau.de\/index.php?rest_route=\/wp\/v2\/pages\/238"}],"collection":[{"href":"https:\/\/www.schaper-gartenbau.de\/index.php?rest_route=\/wp\/v2\/pages"}],"about":[{"href":"https:\/\/www.schaper-gartenbau.de\/index.php?rest_route=\/wp\/v2\/types\/page"}],"author":[{"embeddable":true,"href":"https:\/\/www.schaper-gartenbau.de\/index.php?rest_route=\/wp\/v2\/users\/1"}],"replies":[{"embeddable":true,"href":"https:\/\/www.schaper-gartenbau.de\/index.php?rest_route=%2Fwp%2Fv2%2Fcomments&post=238"}],"version-history":[{"count":7,"href":"https:\/\/www.schaper-gartenbau.de\/index.php?rest_route=\/wp\/v2\/pages\/238\/revisions"}],"predecessor-version":[{"id":879,"href":"https:\/\/www.schaper-gartenbau.de\/index.php?rest_route=\/wp\/v2\/pages\/238\/revisions\/879"}],"up":[{"embeddable":true,"href":"https:\/\/www.schaper-gartenbau.de\/index.php?rest_route=\/wp\/v2\/pages\/34"}],"wp:attachment":[{"href":"https:\/\/www.schaper-gartenbau.de\/index.php?rest_route=%2Fwp%2Fv2%2Fmedia&parent=238"}],"curies":[{"name":"wp","href":"https:\/\/api.w.org\/{rel}","templated":true}]}}