{"id":27,"date":"2016-04-30T20:56:33","date_gmt":"2016-04-30T20:56:33","guid":{"rendered":"https:\/\/www.schaper-gartenbau.de\/?page_id=27"},"modified":"2018-05-15T18:10:32","modified_gmt":"2018-05-15T18:10:32","slug":"arbeiten-mit-stein","status":"publish","type":"page","link":"https:\/\/www.schaper-gartenbau.de\/?page_id=27","title":{"rendered":"Arbeiten mit Stein"},"content":{"rendered":"<h3>Arbeiten mit Stein<\/h3>\n<p>Ob ein Weg durch den Garten, eine Auffahrt f\u00fcr das Grundst\u00fcck oder die Terrasse aus Polygonalplatten &#8211; so vielf\u00e4ltig wie der individuelle Garten sind auch die Gestaltungsm\u00f6glichkeiten mit Beton- oder Natursteinen.<\/p>\n<h4 style=\"text-align: left;\">Pflasterungen<\/h4>\n<p style=\"text-align: left;\">Robust und in vielen Variationen machbar. Die richtige Alternative f\u00fcr Einfahrten und Zuwegungen.<\/p>\n<p style=\"text-align: center;\"><!-- default-view.php -->\n<div\n\tclass=\"ngg-galleryoverview default-view\n\t\t\"\n\tid=\"ngg-gallery-d7b7029df101e71de0203f31821daf34-1\"\n\tdata-nextgen-gallery-id=\"5\"\n\tdata-gallery-id=\"5\"\n\t\tdata-gallery-name=\"gallery_pflasterarbeiten\"\n\t>\n\n\t\t<!-- Thumbnails -->\n\t\t\t\t<div id=\"ngg-image-0\" class=\"ngg-gallery-thumbnail-box\n\t\t\t\t\t\t\t\tngg-3-columns\t\t\t\"\n\t\t\t>\n\t\t\t\t\t\t<div class=\"ngg-gallery-thumbnail\">\n\t\t<a href=\"https:\/\/www.schaper-gartenbau.de\/wp-content\/gallery\/gallery_pflasterarbeiten\/pflaster_006.jpg?t=1526323345\"\n\t\t\ttitle=\"\"\n\t\t\tdata-src=\"https:\/\/www.schaper-gartenbau.de\/wp-content\/gallery\/gallery_pflasterarbeiten\/pflaster_006.jpg?t=1526323345\"\n\t\t\tdata-thumbnail=\"https:\/\/www.schaper-gartenbau.de\/wp-content\/gallery\/gallery_pflasterarbeiten\/thumbs\/thumbs_pflaster_006.jpg?t=1526323345\"\n\t\t\tdata-image-id=\"13\"\n\t\t\tdata-image-name=\"pflaster_006.jpg\"\n\t\t\tdata-title=\"Dunkles Beton-Klinkerpflaster mit Graniteinfassung\"\n\t\t\tdata-description=\"\"\n\t\t\tdata-image-slug=\"pflaster_006\"\n\t\t\t\t\t\t\t\t\t\t\t\t\t\t\t\t\t\t\t\tclass=\"ngg-fancybox\" rel=\"d7b7029df101e71de0203f31821daf34\">\n\t\t\t\t\t\t\t\t<img\n\t\t\t\t\ttitle=\"Dunkles Beton-Klinkerpflaster mit Graniteinfassung\"\n\t\t\t\t\talt=\"Dunkles Beton-Klinkerpflaster mit Graniteinfassung\"\n\t\t\t\t\tsrc=\"https:\/\/www.schaper-gartenbau.de\/wp-content\/gallery\/gallery_pflasterarbeiten\/thumbs\/thumbs_pflaster_006.jpg?t=1526323345\"\n\t\t\t\t\twidth=\"240\"\n\t\t\t\t\theight=\"240\"\n\t\t\t\t\tstyle=\"max-width:100%;\"\n\t\t\t\t\/>\n\t\t\t<\/a>\n\t\t<\/div>\n\t\t\t\t\t\t\t<\/div>\n\t\t\t\n\t\t\t\t<div id=\"ngg-image-1\" class=\"ngg-gallery-thumbnail-box\n\t\t\t\t\t\t\t\tngg-3-columns\t\t\t\"\n\t\t\t>\n\t\t\t\t\t\t<div class=\"ngg-gallery-thumbnail\">\n\t\t<a href=\"https:\/\/www.schaper-gartenbau.de\/wp-content\/gallery\/gallery_pflasterarbeiten\/pflaster_005-1.jpg?t=1526323345\"\n\t\t\ttitle=\"\"\n\t\t\tdata-src=\"https:\/\/www.schaper-gartenbau.de\/wp-content\/gallery\/gallery_pflasterarbeiten\/pflaster_005-1.jpg?t=1526323345\"\n\t\t\tdata-thumbnail=\"https:\/\/www.schaper-gartenbau.de\/wp-content\/gallery\/gallery_pflasterarbeiten\/thumbs\/thumbs_pflaster_005-1.jpg?t=1526323345\"\n\t\t\tdata-image-id=\"14\"\n\t\t\tdata-image-name=\"pflaster_005-1.jpg\"\n\t\t\tdata-title=\"Klinkerpflaster-Kreis mit Graniteinleger\"\n\t\t\tdata-description=\"\"\n\t\t\tdata-image-slug=\"pflaster_005-1\"\n\t\t\t\t\t\t\t\t\t\t\t\t\t\t\t\t\t\t\t\tclass=\"ngg-fancybox\" rel=\"d7b7029df101e71de0203f31821daf34\">\n\t\t\t\t\t\t\t\t<img\n\t\t\t\t\ttitle=\"Klinkerpflaster-Kreis mit Graniteinleger\"\n\t\t\t\t\talt=\"Klinkerpflaster-Kreis mit Graniteinleger\"\n\t\t\t\t\tsrc=\"https:\/\/www.schaper-gartenbau.de\/wp-content\/gallery\/gallery_pflasterarbeiten\/thumbs\/thumbs_pflaster_005-1.jpg?t=1526323345\"\n\t\t\t\t\twidth=\"240\"\n\t\t\t\t\theight=\"240\"\n\t\t\t\t\tstyle=\"max-width:100%;\"\n\t\t\t\t\/>\n\t\t\t<\/a>\n\t\t<\/div>\n\t\t\t\t\t\t\t<\/div>\n\t\t\t\n\t\t\t\t<div id=\"ngg-image-2\" class=\"ngg-gallery-thumbnail-box\n\t\t\t\t\t\t\t\tngg-3-columns\t\t\t\"\n\t\t\t>\n\t\t\t\t\t\t<div class=\"ngg-gallery-thumbnail\">\n\t\t<a href=\"https:\/\/www.schaper-gartenbau.de\/wp-content\/gallery\/gallery_pflasterarbeiten\/pflaster_010.jpg?t=1526323345\"\n\t\t\ttitle=\"\"\n\t\t\tdata-src=\"https:\/\/www.schaper-gartenbau.de\/wp-content\/gallery\/gallery_pflasterarbeiten\/pflaster_010.jpg?t=1526323345\"\n\t\t\tdata-thumbnail=\"https:\/\/www.schaper-gartenbau.de\/wp-content\/gallery\/gallery_pflasterarbeiten\/thumbs\/thumbs_pflaster_010.jpg?t=1526323345\"\n\t\t\tdata-image-id=\"15\"\n\t\t\tdata-image-name=\"pflaster_010.jpg\"\n\t\t\tdata-title=\"Eingangsbereich, Betonpflaster mit Graniteinfassung\"\n\t\t\tdata-description=\"\"\n\t\t\tdata-image-slug=\"pflaster_010\"\n\t\t\t\t\t\t\t\t\t\t\t\t\t\t\t\t\t\t\t\tclass=\"ngg-fancybox\" rel=\"d7b7029df101e71de0203f31821daf34\">\n\t\t\t\t\t\t\t\t<img\n\t\t\t\t\ttitle=\"Eingangsbereich, Betonpflaster mit Graniteinfassung\"\n\t\t\t\t\talt=\"Eingangsbereich, Betonpflaster mit Graniteinfassung\"\n\t\t\t\t\tsrc=\"https:\/\/www.schaper-gartenbau.de\/wp-content\/gallery\/gallery_pflasterarbeiten\/thumbs\/thumbs_pflaster_010.jpg?t=1526323345\"\n\t\t\t\t\twidth=\"240\"\n\t\t\t\t\theight=\"240\"\n\t\t\t\t\tstyle=\"max-width:100%;\"\n\t\t\t\t\/>\n\t\t\t<\/a>\n\t\t<\/div>\n\t\t\t\t\t\t\t<\/div>\n\t\t\t\n\t\t\t\t<div id=\"ngg-image-3\" class=\"ngg-gallery-thumbnail-box\n\t\t\t\t\t\t\t\tngg-3-columns\t\t\t\"\n\t\t\t>\n\t\t\t\t\t\t<div class=\"ngg-gallery-thumbnail\">\n\t\t<a href=\"https:\/\/www.schaper-gartenbau.de\/wp-content\/gallery\/gallery_pflasterarbeiten\/pflaster_005.jpg?t=1526323345\"\n\t\t\ttitle=\"\"\n\t\t\tdata-src=\"https:\/\/www.schaper-gartenbau.de\/wp-content\/gallery\/gallery_pflasterarbeiten\/pflaster_005.jpg?t=1526323345\"\n\t\t\tdata-thumbnail=\"https:\/\/www.schaper-gartenbau.de\/wp-content\/gallery\/gallery_pflasterarbeiten\/thumbs\/thumbs_pflaster_005.jpg?t=1526323345\"\n\t\t\tdata-image-id=\"16\"\n\t\t\tdata-image-name=\"pflaster_005.jpg\"\n\t\t\tdata-title=\"Klinkerpflaster mit Graniteinfassung\"\n\t\t\tdata-description=\"\"\n\t\t\tdata-image-slug=\"pflaster_005-2\"\n\t\t\t\t\t\t\t\t\t\t\t\t\t\t\t\t\t\t\t\tclass=\"ngg-fancybox\" rel=\"d7b7029df101e71de0203f31821daf34\">\n\t\t\t\t\t\t\t\t<img\n\t\t\t\t\ttitle=\"Klinkerpflaster mit Graniteinfassung\"\n\t\t\t\t\talt=\"Klinkerpflaster mit Graniteinfassung\"\n\t\t\t\t\tsrc=\"https:\/\/www.schaper-gartenbau.de\/wp-content\/gallery\/gallery_pflasterarbeiten\/thumbs\/thumbs_pflaster_005.jpg?t=1526323345\"\n\t\t\t\t\twidth=\"240\"\n\t\t\t\t\theight=\"240\"\n\t\t\t\t\tstyle=\"max-width:100%;\"\n\t\t\t\t\/>\n\t\t\t<\/a>\n\t\t<\/div>\n\t\t\t\t\t\t\t<\/div>\n\t\t\t\n\t\t\t\t<div id=\"ngg-image-4\" class=\"ngg-gallery-thumbnail-box\n\t\t\t\t\t\t\t\tngg-3-columns\t\t\t\"\n\t\t\t>\n\t\t\t\t\t\t<div class=\"ngg-gallery-thumbnail\">\n\t\t<a href=\"https:\/\/www.schaper-gartenbau.de\/wp-content\/gallery\/gallery_pflasterarbeiten\/pflaster_004.jpg?t=1526323345\"\n\t\t\ttitle=\"\"\n\t\t\tdata-src=\"https:\/\/www.schaper-gartenbau.de\/wp-content\/gallery\/gallery_pflasterarbeiten\/pflaster_004.jpg?t=1526323345\"\n\t\t\tdata-thumbnail=\"https:\/\/www.schaper-gartenbau.de\/wp-content\/gallery\/gallery_pflasterarbeiten\/thumbs\/thumbs_pflaster_004.jpg?t=1526323345\"\n\t\t\tdata-image-id=\"17\"\n\t\t\tdata-image-name=\"pflaster_004.jpg\"\n\t\t\tdata-title=\"Klinkerpflaster, Einfassung Sandsteinquader\"\n\t\t\tdata-description=\"\"\n\t\t\tdata-image-slug=\"pflaster_004\"\n\t\t\t\t\t\t\t\t\t\t\t\t\t\t\t\t\t\t\t\tclass=\"ngg-fancybox\" rel=\"d7b7029df101e71de0203f31821daf34\">\n\t\t\t\t\t\t\t\t<img\n\t\t\t\t\ttitle=\"Klinkerpflaster, Einfassung Sandsteinquader\"\n\t\t\t\t\talt=\"Klinkerpflaster, Einfassung Sandsteinquader\"\n\t\t\t\t\tsrc=\"https:\/\/www.schaper-gartenbau.de\/wp-content\/gallery\/gallery_pflasterarbeiten\/thumbs\/thumbs_pflaster_004.jpg?t=1526323345\"\n\t\t\t\t\twidth=\"240\"\n\t\t\t\t\theight=\"240\"\n\t\t\t\t\tstyle=\"max-width:100%;\"\n\t\t\t\t\/>\n\t\t\t<\/a>\n\t\t<\/div>\n\t\t\t\t\t\t\t<\/div>\n\t\t\t\n\t\t\t\t<div id=\"ngg-image-5\" class=\"ngg-gallery-thumbnail-box\n\t\t\t\t\t\t\t\tngg-3-columns\t\t\t\"\n\t\t\t>\n\t\t\t\t\t\t<div class=\"ngg-gallery-thumbnail\">\n\t\t<a href=\"https:\/\/www.schaper-gartenbau.de\/wp-content\/gallery\/gallery_pflasterarbeiten\/img_pflasterklinker_01.jpg?t=1526323345\"\n\t\t\ttitle=\"\"\n\t\t\tdata-src=\"https:\/\/www.schaper-gartenbau.de\/wp-content\/gallery\/gallery_pflasterarbeiten\/img_pflasterklinker_01.jpg?t=1526323345\"\n\t\t\tdata-thumbnail=\"https:\/\/www.schaper-gartenbau.de\/wp-content\/gallery\/gallery_pflasterarbeiten\/thumbs\/thumbs_img_pflasterklinker_01.jpg?t=1526323345\"\n\t\t\tdata-image-id=\"80\"\n\t\t\tdata-image-name=\"img_pflasterklinker_01.jpg\"\n\t\t\tdata-title=\"Klinkerpflaster mit Granit\"\n\t\t\tdata-description=\"\"\n\t\t\tdata-image-slug=\"img_pflasterklinker_01\"\n\t\t\t\t\t\t\t\t\t\t\t\t\t\t\t\t\t\t\t\tclass=\"ngg-fancybox\" rel=\"d7b7029df101e71de0203f31821daf34\">\n\t\t\t\t\t\t\t\t<img\n\t\t\t\t\ttitle=\"Klinkerpflaster mit Granit\"\n\t\t\t\t\talt=\"Klinkerpflaster mit Granit\"\n\t\t\t\t\tsrc=\"https:\/\/www.schaper-gartenbau.de\/wp-content\/gallery\/gallery_pflasterarbeiten\/thumbs\/thumbs_img_pflasterklinker_01.jpg?t=1526323345\"\n\t\t\t\t\twidth=\"240\"\n\t\t\t\t\theight=\"240\"\n\t\t\t\t\tstyle=\"max-width:100%;\"\n\t\t\t\t\/>\n\t\t\t<\/a>\n\t\t<\/div>\n\t\t\t\t\t\t\t<\/div>\n\t\t\t\n\t\n\t<br style=\"clear: both\" \/>\n\n\t\n\t\t<!-- Pagination -->\n\t\t<div class='ngg-clear'><\/div>\t<\/div>\n<\/p>\n<h4 style=\"text-align: left;\">Polygonalplatten<\/h4>\n<p style=\"text-align: left;\">Naturnahe Gestaltung mit einem Moasik aus unregelm\u00e4\u00dfig geformten Platten aus verschiedenen Gesteinsarten, von hellem Quarzit \u00fcber roten Sandstein bis zum dunklen Schiefer ist hier eine gro\u00dfe Vielfalt m\u00f6glich.<\/p>\nngg_shortcode_0_placeholder\n<h4 style=\"text-align: left;\">Naturstein-Mauerwerk<\/h4>\n<p style=\"text-align: left;\">Pflanzbereich aus gemauertem Muschelkalk.<\/p>\n<p style=\"text-align: center;\"><!-- default-view.php -->\n<div\n\tclass=\"ngg-galleryoverview default-view\n\t\t\"\n\tid=\"ngg-gallery-bfbc6d8ab00367d09317686e128c9683-1\"\n\tdata-nextgen-gallery-id=\"17\"\n\tdata-gallery-id=\"17\"\n\t\tdata-gallery-name=\"gallery_muschelkalk\"\n\t>\n\n\t\t<!-- Thumbnails -->\n\t\t\t\t<div id=\"ngg-image-0\" class=\"ngg-gallery-thumbnail-box\n\t\t\t\t\t\t\t\tngg-3-columns\t\t\t\"\n\t\t\t>\n\t\t\t\t\t\t<div class=\"ngg-gallery-thumbnail\">\n\t\t<a href=\"https:\/\/www.schaper-gartenbau.de\/wp-content\/gallery\/gallery_muschelkalk\/img_mauer_01.jpg?t=1464899319\"\n\t\t\ttitle=\"\"\n\t\t\tdata-src=\"https:\/\/www.schaper-gartenbau.de\/wp-content\/gallery\/gallery_muschelkalk\/img_mauer_01.jpg?t=1464899319\"\n\t\t\tdata-thumbnail=\"https:\/\/www.schaper-gartenbau.de\/wp-content\/gallery\/gallery_muschelkalk\/thumbs\/thumbs_img_mauer_01.jpg?t=1464899319\"\n\t\t\tdata-image-id=\"65\"\n\t\t\tdata-image-name=\"img_mauer_01.jpg\"\n\t\t\tdata-title=\"Mauerwerk aus Kalkstein\"\n\t\t\tdata-description=\"\"\n\t\t\tdata-image-slug=\"img_mauer_01\"\n\t\t\t\t\t\t\t\t\t\t\t\t\t\t\t\t\t\t\t\tclass=\"ngg-fancybox\" rel=\"bfbc6d8ab00367d09317686e128c9683\">\n\t\t\t\t\t\t\t\t<img\n\t\t\t\t\ttitle=\"Mauerwerk aus Kalkstein\"\n\t\t\t\t\talt=\"Mauerwerk aus Kalkstein\"\n\t\t\t\t\tsrc=\"https:\/\/www.schaper-gartenbau.de\/wp-content\/gallery\/gallery_muschelkalk\/thumbs\/thumbs_img_mauer_01.jpg?t=1464899319\"\n\t\t\t\t\twidth=\"240\"\n\t\t\t\t\theight=\"240\"\n\t\t\t\t\tstyle=\"max-width:100%;\"\n\t\t\t\t\/>\n\t\t\t<\/a>\n\t\t<\/div>\n\t\t\t\t\t\t\t<\/div>\n\t\t\t\n\t\t\t\t<div id=\"ngg-image-1\" class=\"ngg-gallery-thumbnail-box\n\t\t\t\t\t\t\t\tngg-3-columns\t\t\t\"\n\t\t\t>\n\t\t\t\t\t\t<div class=\"ngg-gallery-thumbnail\">\n\t\t<a href=\"https:\/\/www.schaper-gartenbau.de\/wp-content\/gallery\/gallery_muschelkalk\/img_mauer_03.jpg?t=1464899183\"\n\t\t\ttitle=\"\"\n\t\t\tdata-src=\"https:\/\/www.schaper-gartenbau.de\/wp-content\/gallery\/gallery_muschelkalk\/img_mauer_03.jpg?t=1464899183\"\n\t\t\tdata-thumbnail=\"https:\/\/www.schaper-gartenbau.de\/wp-content\/gallery\/gallery_muschelkalk\/thumbs\/thumbs_img_mauer_03.jpg?t=1464899183\"\n\t\t\tdata-image-id=\"66\"\n\t\t\tdata-image-name=\"img_mauer_03.jpg\"\n\t\t\tdata-title=\"Mauerwerk aus Kalkstein\"\n\t\t\tdata-description=\"\"\n\t\t\tdata-image-slug=\"img_mauer_03\"\n\t\t\t\t\t\t\t\t\t\t\t\t\t\t\t\t\t\t\t\tclass=\"ngg-fancybox\" rel=\"bfbc6d8ab00367d09317686e128c9683\">\n\t\t\t\t\t\t\t\t<img\n\t\t\t\t\ttitle=\"Mauerwerk aus Kalkstein\"\n\t\t\t\t\talt=\"Mauerwerk aus Kalkstein\"\n\t\t\t\t\tsrc=\"https:\/\/www.schaper-gartenbau.de\/wp-content\/gallery\/gallery_muschelkalk\/thumbs\/thumbs_img_mauer_03.jpg?t=1464899183\"\n\t\t\t\t\twidth=\"240\"\n\t\t\t\t\theight=\"240\"\n\t\t\t\t\tstyle=\"max-width:100%;\"\n\t\t\t\t\/>\n\t\t\t<\/a>\n\t\t<\/div>\n\t\t\t\t\t\t\t<\/div>\n\t\t\t\n\t\t\t\t<div id=\"ngg-image-2\" class=\"ngg-gallery-thumbnail-box\n\t\t\t\t\t\t\t\tngg-3-columns\t\t\t\"\n\t\t\t>\n\t\t\t\t\t\t<div class=\"ngg-gallery-thumbnail\">\n\t\t<a href=\"https:\/\/www.schaper-gartenbau.de\/wp-content\/gallery\/gallery_muschelkalk\/img_mauer_02.jpg?t=1464899183\"\n\t\t\ttitle=\"\"\n\t\t\tdata-src=\"https:\/\/www.schaper-gartenbau.de\/wp-content\/gallery\/gallery_muschelkalk\/img_mauer_02.jpg?t=1464899183\"\n\t\t\tdata-thumbnail=\"https:\/\/www.schaper-gartenbau.de\/wp-content\/gallery\/gallery_muschelkalk\/thumbs\/thumbs_img_mauer_02.jpg?t=1464899183\"\n\t\t\tdata-image-id=\"67\"\n\t\t\tdata-image-name=\"img_mauer_02.jpg\"\n\t\t\tdata-title=\"Mauerwerk aus Kalkstein\"\n\t\t\tdata-description=\"\"\n\t\t\tdata-image-slug=\"img_mauer_02\"\n\t\t\t\t\t\t\t\t\t\t\t\t\t\t\t\t\t\t\t\tclass=\"ngg-fancybox\" rel=\"bfbc6d8ab00367d09317686e128c9683\">\n\t\t\t\t\t\t\t\t<img\n\t\t\t\t\ttitle=\"Mauerwerk aus Kalkstein\"\n\t\t\t\t\talt=\"Mauerwerk aus Kalkstein\"\n\t\t\t\t\tsrc=\"https:\/\/www.schaper-gartenbau.de\/wp-content\/gallery\/gallery_muschelkalk\/thumbs\/thumbs_img_mauer_02.jpg?t=1464899183\"\n\t\t\t\t\twidth=\"240\"\n\t\t\t\t\theight=\"240\"\n\t\t\t\t\tstyle=\"max-width:100%;\"\n\t\t\t\t\/>\n\t\t\t<\/a>\n\t\t<\/div>\n\t\t\t\t\t\t\t<\/div>\n\t\t\t\n\t\n\t<br style=\"clear: both\" \/>\n\n\t\n\t\t<!-- Pagination -->\n\t\t<div class='ngg-clear'><\/div>\t<\/div>\n<\/p>\n<h4 style=\"text-align: left;\">Palisaden<\/h4>\n<p style=\"text-align: left;\">Zum Abfangen von gr\u00f6\u00dferen Gel\u00e4ndeunterschieden: Palisaden und Winkelst\u00fctzen. Als Material gibt es verschiedene Varianten von Natursteinen oder Stelen und Winkel aus Beton.<\/p>\n<p style=\"text-align: center;\"><!-- default-view.php -->\n<div\n\tclass=\"ngg-galleryoverview default-view\n\t\t\"\n\tid=\"ngg-gallery-e2a7a0ab2dd64c46653e9fe139a9a92b-1\"\n\tdata-nextgen-gallery-id=\"16\"\n\tdata-gallery-id=\"16\"\n\t\tdata-gallery-name=\"gallery_palisaden\"\n\t>\n\n\t\t<!-- Thumbnails -->\n\t\t\t\t<div id=\"ngg-image-0\" class=\"ngg-gallery-thumbnail-box\n\t\t\t\t\t\t\t\tngg-3-columns\t\t\t\"\n\t\t\t>\n\t\t\t\t\t\t<div class=\"ngg-gallery-thumbnail\">\n\t\t<a href=\"https:\/\/www.schaper-gartenbau.de\/wp-content\/gallery\/gallery_palisaden\/img_terrasse_105.jpg?t=1464899319\"\n\t\t\ttitle=\"\"\n\t\t\tdata-src=\"https:\/\/www.schaper-gartenbau.de\/wp-content\/gallery\/gallery_palisaden\/img_terrasse_105.jpg?t=1464899319\"\n\t\t\tdata-thumbnail=\"https:\/\/www.schaper-gartenbau.de\/wp-content\/gallery\/gallery_palisaden\/thumbs\/thumbs_img_terrasse_105.jpg?t=1464899319\"\n\t\t\tdata-image-id=\"62\"\n\t\t\tdata-image-name=\"img_terrasse_105.jpg\"\n\t\t\tdata-title=\"Verkleidung von Winkelst\u00fctzen mit Sandsteinstelen\"\n\t\t\tdata-description=\"\"\n\t\t\tdata-image-slug=\"img_terrasse_105-1\"\n\t\t\t\t\t\t\t\t\t\t\t\t\t\t\t\t\t\t\t\tclass=\"ngg-fancybox\" rel=\"e2a7a0ab2dd64c46653e9fe139a9a92b\">\n\t\t\t\t\t\t\t\t<img\n\t\t\t\t\ttitle=\"Verkleidung von Winkelst\u00fctzen mit Sandsteinstelen\"\n\t\t\t\t\talt=\"Verkleidung von Winkelst\u00fctzen mit Sandsteinstelen\"\n\t\t\t\t\tsrc=\"https:\/\/www.schaper-gartenbau.de\/wp-content\/gallery\/gallery_palisaden\/thumbs\/thumbs_img_terrasse_105.jpg?t=1464899319\"\n\t\t\t\t\twidth=\"240\"\n\t\t\t\t\theight=\"240\"\n\t\t\t\t\tstyle=\"max-width:100%;\"\n\t\t\t\t\/>\n\t\t\t<\/a>\n\t\t<\/div>\n\t\t\t\t\t\t\t<\/div>\n\t\t\t\n\t\t\t\t<div id=\"ngg-image-1\" class=\"ngg-gallery-thumbnail-box\n\t\t\t\t\t\t\t\tngg-3-columns\t\t\t\"\n\t\t\t>\n\t\t\t\t\t\t<div class=\"ngg-gallery-thumbnail\">\n\t\t<a href=\"https:\/\/www.schaper-gartenbau.de\/wp-content\/gallery\/gallery_palisaden\/img_palisade_01.jpg?t=1464892455\"\n\t\t\ttitle=\"\"\n\t\t\tdata-src=\"https:\/\/www.schaper-gartenbau.de\/wp-content\/gallery\/gallery_palisaden\/img_palisade_01.jpg?t=1464892455\"\n\t\t\tdata-thumbnail=\"https:\/\/www.schaper-gartenbau.de\/wp-content\/gallery\/gallery_palisaden\/thumbs\/thumbs_img_palisade_01.jpg?t=1464892455\"\n\t\t\tdata-image-id=\"64\"\n\t\t\tdata-image-name=\"img_palisade_01.jpg\"\n\t\t\tdata-title=\"Treppenwange aus Granitpalisaden\"\n\t\t\tdata-description=\"\"\n\t\t\tdata-image-slug=\"img_palisade_01\"\n\t\t\t\t\t\t\t\t\t\t\t\t\t\t\t\t\t\t\t\tclass=\"ngg-fancybox\" rel=\"e2a7a0ab2dd64c46653e9fe139a9a92b\">\n\t\t\t\t\t\t\t\t<img\n\t\t\t\t\ttitle=\"Treppenwange aus Granitpalisaden\"\n\t\t\t\t\talt=\"Treppenwange aus Granitpalisaden\"\n\t\t\t\t\tsrc=\"https:\/\/www.schaper-gartenbau.de\/wp-content\/gallery\/gallery_palisaden\/thumbs\/thumbs_img_palisade_01.jpg?t=1464892455\"\n\t\t\t\t\twidth=\"240\"\n\t\t\t\t\theight=\"240\"\n\t\t\t\t\tstyle=\"max-width:100%;\"\n\t\t\t\t\/>\n\t\t\t<\/a>\n\t\t<\/div>\n\t\t\t\t\t\t\t<\/div>\n\t\t\t\n\t\t\t\t<div id=\"ngg-image-2\" class=\"ngg-gallery-thumbnail-box\n\t\t\t\t\t\t\t\tngg-3-columns\t\t\t\"\n\t\t\t>\n\t\t\t\t\t\t<div class=\"ngg-gallery-thumbnail\">\n\t\t<a href=\"https:\/\/www.schaper-gartenbau.de\/wp-content\/gallery\/gallery_palisaden\/img_palisaden_treppe_01.jpg?t=1520027704\"\n\t\t\ttitle=\"\"\n\t\t\tdata-src=\"https:\/\/www.schaper-gartenbau.de\/wp-content\/gallery\/gallery_palisaden\/img_palisaden_treppe_01.jpg?t=1520027704\"\n\t\t\tdata-thumbnail=\"https:\/\/www.schaper-gartenbau.de\/wp-content\/gallery\/gallery_palisaden\/thumbs\/thumbs_img_palisaden_treppe_01.jpg?t=1520027704\"\n\t\t\tdata-image-id=\"78\"\n\t\t\tdata-image-name=\"img_palisaden_treppe_01.jpg\"\n\t\t\tdata-title=\"Treppe mit Granitpalisaden\"\n\t\t\tdata-description=\"\"\n\t\t\tdata-image-slug=\"img_palisaden_treppe_01\"\n\t\t\t\t\t\t\t\t\t\t\t\t\t\t\t\t\t\t\t\tclass=\"ngg-fancybox\" rel=\"e2a7a0ab2dd64c46653e9fe139a9a92b\">\n\t\t\t\t\t\t\t\t<img\n\t\t\t\t\ttitle=\"Treppe mit Granitpalisaden\"\n\t\t\t\t\talt=\"Treppe mit Granitpalisaden\"\n\t\t\t\t\tsrc=\"https:\/\/www.schaper-gartenbau.de\/wp-content\/gallery\/gallery_palisaden\/thumbs\/thumbs_img_palisaden_treppe_01.jpg?t=1520027704\"\n\t\t\t\t\twidth=\"240\"\n\t\t\t\t\theight=\"240\"\n\t\t\t\t\tstyle=\"max-width:100%;\"\n\t\t\t\t\/>\n\t\t\t<\/a>\n\t\t<\/div>\n\t\t\t\t\t\t\t<\/div>\n\t\t\t\n\t\n\t<br style=\"clear: both\" \/>\n\n\t\n\t\t<!-- Pagination -->\n\t\t<div class='ngg-clear'><\/div>\t<\/div>\n<\/p>\n<p style=\"text-align: center;\">\n","protected":false},"excerpt":{"rendered":"<p>Arbeiten mit Stein Ob ein Weg durch den Garten, eine Auffahrt f\u00fcr das Grundst\u00fcck oder die Terrasse aus Polygonalplatten &#8211; so vielf\u00e4ltig wie der individuelle Garten sind auch die Gestaltungsm\u00f6glichkeiten mit Beton- oder Natursteinen. Pflasterungen Robust und in vielen Variationen machbar. Die richtige Alternative f\u00fcr Einfahrten und Zuwegungen. Polygonalplatten Naturnahe Gestaltung mit einem Moasik aus [&hellip;]<\/p>\n","protected":false},"author":1,"featured_media":0,"parent":34,"menu_order":0,"comment_status":"closed","ping_status":"closed","template":"","meta":{"ngg_post_thumbnail":0},"_links":{"self":[{"href":"https:\/\/www.schaper-gartenbau.de\/index.php?rest_route=\/wp\/v2\/pages\/27"}],"collection":[{"href":"https:\/\/www.schaper-gartenbau.de\/index.php?rest_route=\/wp\/v2\/pages"}],"about":[{"href":"https:\/\/www.schaper-gartenbau.de\/index.php?rest_route=\/wp\/v2\/types\/page"}],"author":[{"embeddable":true,"href":"https:\/\/www.schaper-gartenbau.de\/index.php?rest_route=\/wp\/v2\/users\/1"}],"replies":[{"embeddable":true,"href":"https:\/\/www.schaper-gartenbau.de\/index.php?rest_route=%2Fwp%2Fv2%2Fcomments&post=27"}],"version-history":[{"count":13,"href":"https:\/\/www.schaper-gartenbau.de\/index.php?rest_route=\/wp\/v2\/pages\/27\/revisions"}],"predecessor-version":[{"id":875,"href":"https:\/\/www.schaper-gartenbau.de\/index.php?rest_route=\/wp\/v2\/pages\/27\/revisions\/875"}],"up":[{"embeddable":true,"href":"https:\/\/www.schaper-gartenbau.de\/index.php?rest_route=\/wp\/v2\/pages\/34"}],"wp:attachment":[{"href":"https:\/\/www.schaper-gartenbau.de\/index.php?rest_route=%2Fwp%2Fv2%2Fmedia&parent=27"}],"curies":[{"name":"wp","href":"https:\/\/api.w.org\/{rel}","templated":true}]}}