{"id":37,"date":"2016-04-30T21:23:09","date_gmt":"2016-04-30T21:23:09","guid":{"rendered":"https:\/\/www.schaper-gartenbau.de\/?page_id=37"},"modified":"2018-05-15T18:13:25","modified_gmt":"2018-05-15T18:13:25","slug":"wegebau","status":"publish","type":"page","link":"https:\/\/www.schaper-gartenbau.de\/?page_id=37","title":{"rendered":"Wege und Zufahrten"},"content":{"rendered":"<h3>Grundst\u00fcckszufahrten<\/h3>\n<p>Eine Hauszuwegung wird komplett umgebaut &#8211; von der Entsorgung des Altmaterials \u00fcber die Planung der neuen Zufahrt bis hin zur Ausf\u00fchrung haben wir hier alle Arbeiten durchgef\u00fchrt.<\/p>\n<p style=\"text-align: center;\"><!-- default-view.php -->\n<div\n\tclass=\"ngg-galleryoverview default-view\n\t\t\"\n\tid=\"ngg-gallery-3d63409dd68662e14a0eeff6c701d686-1\"\n\tdata-gallery-id=\"8\">\n\n\t\t<!-- Thumbnails -->\n\t\t\t\t<div id=\"ngg-image-0\" class=\"ngg-gallery-thumbnail-box\n\t\t\t\t\t\t\t\tngg-3-columns\t\t\t\"\n\t\t\t>\n\t\t\t\t\t\t<div class=\"ngg-gallery-thumbnail\">\n\t\t\t<a href=\"https:\/\/www.schaper-gartenbau.de\/wp-content\/gallery\/gallery_rosenstr\/rs001.jpg\"\n\t\t\t\ttitle=\"\"\n\t\t\t\tdata-src=\"https:\/\/www.schaper-gartenbau.de\/wp-content\/gallery\/gallery_rosenstr\/rs001.jpg\"\n\t\t\t\tdata-thumbnail=\"https:\/\/www.schaper-gartenbau.de\/wp-content\/gallery\/gallery_rosenstr\/thumbs\/thumbs_rs001.jpg\"\n\t\t\t\tdata-image-id=\"26\"\n\t\t\t\tdata-title=\"rs001\"\n\t\t\t\tdata-description=\"\"\n\t\t\t\tdata-image-slug=\"rs001\"\n\t\t\t\t\t\t\t\t\t\t\t\t\t\t\t\t\t\t\t\tclass=\"ngg-fancybox\" rel=\"3d63409dd68662e14a0eeff6c701d686\">\n\t\t\t\t\t\t\t\t<img\n\t\t\t\t\ttitle=\"rs001\"\n\t\t\t\t\talt=\"rs001\"\n\t\t\t\t\tsrc=\"https:\/\/www.schaper-gartenbau.de\/wp-content\/gallery\/gallery_rosenstr\/thumbs\/thumbs_rs001.jpg\"\n\t\t\t\t\twidth=\"240\"\n\t\t\t\t\theight=\"240\"\n\t\t\t\t\tstyle=\"max-width:100%;\"\n\t\t\t\t\/>\n\t\t\t<\/a>\n\t\t<\/div>\n\t\t\t\t\t\t\t<\/div>\n\t\t\t\n\t\t\t\t<div id=\"ngg-image-1\" class=\"ngg-gallery-thumbnail-box\n\t\t\t\t\t\t\t\tngg-3-columns\t\t\t\"\n\t\t\t>\n\t\t\t\t\t\t<div class=\"ngg-gallery-thumbnail\">\n\t\t\t<a href=\"https:\/\/www.schaper-gartenbau.de\/wp-content\/gallery\/gallery_rosenstr\/rs002.jpg\"\n\t\t\t\ttitle=\"\"\n\t\t\t\tdata-src=\"https:\/\/www.schaper-gartenbau.de\/wp-content\/gallery\/gallery_rosenstr\/rs002.jpg\"\n\t\t\t\tdata-thumbnail=\"https:\/\/www.schaper-gartenbau.de\/wp-content\/gallery\/gallery_rosenstr\/thumbs\/thumbs_rs002.jpg\"\n\t\t\t\tdata-image-id=\"25\"\n\t\t\t\tdata-title=\"rs002\"\n\t\t\t\tdata-description=\"\"\n\t\t\t\tdata-image-slug=\"rs002\"\n\t\t\t\t\t\t\t\t\t\t\t\t\t\t\t\t\t\t\t\tclass=\"ngg-fancybox\" rel=\"3d63409dd68662e14a0eeff6c701d686\">\n\t\t\t\t\t\t\t\t<img\n\t\t\t\t\ttitle=\"rs002\"\n\t\t\t\t\talt=\"rs002\"\n\t\t\t\t\tsrc=\"https:\/\/www.schaper-gartenbau.de\/wp-content\/gallery\/gallery_rosenstr\/thumbs\/thumbs_rs002.jpg\"\n\t\t\t\t\twidth=\"240\"\n\t\t\t\t\theight=\"240\"\n\t\t\t\t\tstyle=\"max-width:100%;\"\n\t\t\t\t\/>\n\t\t\t<\/a>\n\t\t<\/div>\n\t\t\t\t\t\t\t<\/div>\n\t\t\t\n\t\t\t\t<div id=\"ngg-image-2\" class=\"ngg-gallery-thumbnail-box\n\t\t\t\t\t\t\t\tngg-3-columns\t\t\t\"\n\t\t\t>\n\t\t\t\t\t\t<div class=\"ngg-gallery-thumbnail\">\n\t\t\t<a href=\"https:\/\/www.schaper-gartenbau.de\/wp-content\/gallery\/gallery_rosenstr\/rs003.jpg\"\n\t\t\t\ttitle=\"\"\n\t\t\t\tdata-src=\"https:\/\/www.schaper-gartenbau.de\/wp-content\/gallery\/gallery_rosenstr\/rs003.jpg\"\n\t\t\t\tdata-thumbnail=\"https:\/\/www.schaper-gartenbau.de\/wp-content\/gallery\/gallery_rosenstr\/thumbs\/thumbs_rs003.jpg\"\n\t\t\t\tdata-image-id=\"24\"\n\t\t\t\tdata-title=\"rs003\"\n\t\t\t\tdata-description=\"\"\n\t\t\t\tdata-image-slug=\"rs003\"\n\t\t\t\t\t\t\t\t\t\t\t\t\t\t\t\t\t\t\t\tclass=\"ngg-fancybox\" rel=\"3d63409dd68662e14a0eeff6c701d686\">\n\t\t\t\t\t\t\t\t<img\n\t\t\t\t\ttitle=\"rs003\"\n\t\t\t\t\talt=\"rs003\"\n\t\t\t\t\tsrc=\"https:\/\/www.schaper-gartenbau.de\/wp-content\/gallery\/gallery_rosenstr\/thumbs\/thumbs_rs003.jpg\"\n\t\t\t\t\twidth=\"240\"\n\t\t\t\t\theight=\"240\"\n\t\t\t\t\tstyle=\"max-width:100%;\"\n\t\t\t\t\/>\n\t\t\t<\/a>\n\t\t<\/div>\n\t\t\t\t\t\t\t<\/div>\n\t\t\t\n\t\t\t\t<div id=\"ngg-image-3\" class=\"ngg-gallery-thumbnail-box\n\t\t\t\t\t\t\t\tngg-3-columns\t\t\t\"\n\t\t\t>\n\t\t\t\t\t\t<div class=\"ngg-gallery-thumbnail\">\n\t\t\t<a href=\"https:\/\/www.schaper-gartenbau.de\/wp-content\/gallery\/gallery_rosenstr\/rs005.jpg\"\n\t\t\t\ttitle=\"\"\n\t\t\t\tdata-src=\"https:\/\/www.schaper-gartenbau.de\/wp-content\/gallery\/gallery_rosenstr\/rs005.jpg\"\n\t\t\t\tdata-thumbnail=\"https:\/\/www.schaper-gartenbau.de\/wp-content\/gallery\/gallery_rosenstr\/thumbs\/thumbs_rs005.jpg\"\n\t\t\t\tdata-image-id=\"27\"\n\t\t\t\tdata-title=\"rs005\"\n\t\t\t\tdata-description=\"\"\n\t\t\t\tdata-image-slug=\"rs005\"\n\t\t\t\t\t\t\t\t\t\t\t\t\t\t\t\t\t\t\t\tclass=\"ngg-fancybox\" rel=\"3d63409dd68662e14a0eeff6c701d686\">\n\t\t\t\t\t\t\t\t<img\n\t\t\t\t\ttitle=\"rs005\"\n\t\t\t\t\talt=\"rs005\"\n\t\t\t\t\tsrc=\"https:\/\/www.schaper-gartenbau.de\/wp-content\/gallery\/gallery_rosenstr\/thumbs\/thumbs_rs005.jpg\"\n\t\t\t\t\twidth=\"240\"\n\t\t\t\t\theight=\"240\"\n\t\t\t\t\tstyle=\"max-width:100%;\"\n\t\t\t\t\/>\n\t\t\t<\/a>\n\t\t<\/div>\n\t\t\t\t\t\t\t<\/div>\n\t\t\t\n\t\t\t\t<div id=\"ngg-image-4\" class=\"ngg-gallery-thumbnail-box\n\t\t\t\t\t\t\t\tngg-3-columns\t\t\t\"\n\t\t\t>\n\t\t\t\t\t\t<div class=\"ngg-gallery-thumbnail\">\n\t\t\t<a href=\"https:\/\/www.schaper-gartenbau.de\/wp-content\/gallery\/gallery_rosenstr\/rs004.jpg\"\n\t\t\t\ttitle=\"\"\n\t\t\t\tdata-src=\"https:\/\/www.schaper-gartenbau.de\/wp-content\/gallery\/gallery_rosenstr\/rs004.jpg\"\n\t\t\t\tdata-thumbnail=\"https:\/\/www.schaper-gartenbau.de\/wp-content\/gallery\/gallery_rosenstr\/thumbs\/thumbs_rs004.jpg\"\n\t\t\t\tdata-image-id=\"23\"\n\t\t\t\tdata-title=\"rs004\"\n\t\t\t\tdata-description=\"\"\n\t\t\t\tdata-image-slug=\"rs004\"\n\t\t\t\t\t\t\t\t\t\t\t\t\t\t\t\t\t\t\t\tclass=\"ngg-fancybox\" rel=\"3d63409dd68662e14a0eeff6c701d686\">\n\t\t\t\t\t\t\t\t<img\n\t\t\t\t\ttitle=\"rs004\"\n\t\t\t\t\talt=\"rs004\"\n\t\t\t\t\tsrc=\"https:\/\/www.schaper-gartenbau.de\/wp-content\/gallery\/gallery_rosenstr\/thumbs\/thumbs_rs004.jpg\"\n\t\t\t\t\twidth=\"240\"\n\t\t\t\t\theight=\"240\"\n\t\t\t\t\tstyle=\"max-width:100%;\"\n\t\t\t\t\/>\n\t\t\t<\/a>\n\t\t<\/div>\n\t\t\t\t\t\t\t<\/div>\n\t\t\t\n\t\t\t\t<div id=\"ngg-image-5\" class=\"ngg-gallery-thumbnail-box\n\t\t\t\t\t\t\t\tngg-3-columns\t\t\t\"\n\t\t\t>\n\t\t\t\t\t\t<div class=\"ngg-gallery-thumbnail\">\n\t\t\t<a href=\"https:\/\/www.schaper-gartenbau.de\/wp-content\/gallery\/gallery_rosenstr\/rs006.jpg\"\n\t\t\t\ttitle=\"\"\n\t\t\t\tdata-src=\"https:\/\/www.schaper-gartenbau.de\/wp-content\/gallery\/gallery_rosenstr\/rs006.jpg\"\n\t\t\t\tdata-thumbnail=\"https:\/\/www.schaper-gartenbau.de\/wp-content\/gallery\/gallery_rosenstr\/thumbs\/thumbs_rs006.jpg\"\n\t\t\t\tdata-image-id=\"28\"\n\t\t\t\tdata-title=\"rs006\"\n\t\t\t\tdata-description=\"\"\n\t\t\t\tdata-image-slug=\"rs006\"\n\t\t\t\t\t\t\t\t\t\t\t\t\t\t\t\t\t\t\t\tclass=\"ngg-fancybox\" rel=\"3d63409dd68662e14a0eeff6c701d686\">\n\t\t\t\t\t\t\t\t<img\n\t\t\t\t\ttitle=\"rs006\"\n\t\t\t\t\talt=\"rs006\"\n\t\t\t\t\tsrc=\"https:\/\/www.schaper-gartenbau.de\/wp-content\/gallery\/gallery_rosenstr\/thumbs\/thumbs_rs006.jpg\"\n\t\t\t\t\twidth=\"240\"\n\t\t\t\t\theight=\"240\"\n\t\t\t\t\tstyle=\"max-width:100%;\"\n\t\t\t\t\/>\n\t\t\t<\/a>\n\t\t<\/div>\n\t\t\t\t\t\t\t<\/div>\n\t\t\t\n\t\t\t\t<div id=\"ngg-image-6\" class=\"ngg-gallery-thumbnail-box\n\t\t\t\t\t\t\t\tngg-3-columns\t\t\t\"\n\t\t\t>\n\t\t\t\t\t\t<div class=\"ngg-gallery-thumbnail\">\n\t\t\t<a href=\"https:\/\/www.schaper-gartenbau.de\/wp-content\/gallery\/gallery_rosenstr\/rs007.jpg\"\n\t\t\t\ttitle=\"\"\n\t\t\t\tdata-src=\"https:\/\/www.schaper-gartenbau.de\/wp-content\/gallery\/gallery_rosenstr\/rs007.jpg\"\n\t\t\t\tdata-thumbnail=\"https:\/\/www.schaper-gartenbau.de\/wp-content\/gallery\/gallery_rosenstr\/thumbs\/thumbs_rs007.jpg\"\n\t\t\t\tdata-image-id=\"29\"\n\t\t\t\tdata-title=\"rs007\"\n\t\t\t\tdata-description=\"\"\n\t\t\t\tdata-image-slug=\"rs007\"\n\t\t\t\t\t\t\t\t\t\t\t\t\t\t\t\t\t\t\t\tclass=\"ngg-fancybox\" rel=\"3d63409dd68662e14a0eeff6c701d686\">\n\t\t\t\t\t\t\t\t<img\n\t\t\t\t\ttitle=\"rs007\"\n\t\t\t\t\talt=\"rs007\"\n\t\t\t\t\tsrc=\"https:\/\/www.schaper-gartenbau.de\/wp-content\/gallery\/gallery_rosenstr\/thumbs\/thumbs_rs007.jpg\"\n\t\t\t\t\twidth=\"240\"\n\t\t\t\t\theight=\"240\"\n\t\t\t\t\tstyle=\"max-width:100%;\"\n\t\t\t\t\/>\n\t\t\t<\/a>\n\t\t<\/div>\n\t\t\t\t\t\t\t<\/div>\n\t\t\t\n\t\t\t\t<div id=\"ngg-image-7\" class=\"ngg-gallery-thumbnail-box\n\t\t\t\t\t\t\t\tngg-3-columns\t\t\t\"\n\t\t\t>\n\t\t\t\t\t\t<div class=\"ngg-gallery-thumbnail\">\n\t\t\t<a href=\"https:\/\/www.schaper-gartenbau.de\/wp-content\/gallery\/gallery_rosenstr\/rs008.jpg\"\n\t\t\t\ttitle=\"\"\n\t\t\t\tdata-src=\"https:\/\/www.schaper-gartenbau.de\/wp-content\/gallery\/gallery_rosenstr\/rs008.jpg\"\n\t\t\t\tdata-thumbnail=\"https:\/\/www.schaper-gartenbau.de\/wp-content\/gallery\/gallery_rosenstr\/thumbs\/thumbs_rs008.jpg\"\n\t\t\t\tdata-image-id=\"30\"\n\t\t\t\tdata-title=\"rs008\"\n\t\t\t\tdata-description=\"\"\n\t\t\t\tdata-image-slug=\"rs008\"\n\t\t\t\t\t\t\t\t\t\t\t\t\t\t\t\t\t\t\t\tclass=\"ngg-fancybox\" rel=\"3d63409dd68662e14a0eeff6c701d686\">\n\t\t\t\t\t\t\t\t<img\n\t\t\t\t\ttitle=\"rs008\"\n\t\t\t\t\talt=\"rs008\"\n\t\t\t\t\tsrc=\"https:\/\/www.schaper-gartenbau.de\/wp-content\/gallery\/gallery_rosenstr\/thumbs\/thumbs_rs008.jpg\"\n\t\t\t\t\twidth=\"240\"\n\t\t\t\t\theight=\"240\"\n\t\t\t\t\tstyle=\"max-width:100%;\"\n\t\t\t\t\/>\n\t\t\t<\/a>\n\t\t<\/div>\n\t\t\t\t\t\t\t<\/div>\n\t\t\t\n\t\t\t\t<div id=\"ngg-image-8\" class=\"ngg-gallery-thumbnail-box\n\t\t\t\t\t\t\t\tngg-3-columns\t\t\t\"\n\t\t\t>\n\t\t\t\t\t\t<div class=\"ngg-gallery-thumbnail\">\n\t\t\t<a href=\"https:\/\/www.schaper-gartenbau.de\/wp-content\/gallery\/gallery_rosenstr\/rs009.jpg\"\n\t\t\t\ttitle=\"\"\n\t\t\t\tdata-src=\"https:\/\/www.schaper-gartenbau.de\/wp-content\/gallery\/gallery_rosenstr\/rs009.jpg\"\n\t\t\t\tdata-thumbnail=\"https:\/\/www.schaper-gartenbau.de\/wp-content\/gallery\/gallery_rosenstr\/thumbs\/thumbs_rs009.jpg\"\n\t\t\t\tdata-image-id=\"31\"\n\t\t\t\tdata-title=\"rs009\"\n\t\t\t\tdata-description=\"\"\n\t\t\t\tdata-image-slug=\"rs009\"\n\t\t\t\t\t\t\t\t\t\t\t\t\t\t\t\t\t\t\t\tclass=\"ngg-fancybox\" rel=\"3d63409dd68662e14a0eeff6c701d686\">\n\t\t\t\t\t\t\t\t<img\n\t\t\t\t\ttitle=\"rs009\"\n\t\t\t\t\talt=\"rs009\"\n\t\t\t\t\tsrc=\"https:\/\/www.schaper-gartenbau.de\/wp-content\/gallery\/gallery_rosenstr\/thumbs\/thumbs_rs009.jpg\"\n\t\t\t\t\twidth=\"240\"\n\t\t\t\t\theight=\"240\"\n\t\t\t\t\tstyle=\"max-width:100%;\"\n\t\t\t\t\/>\n\t\t\t<\/a>\n\t\t<\/div>\n\t\t\t\t\t\t\t<\/div>\n\t\t\t\n\t\n\t<br style=\"clear: both\" \/>\n\n\t\n\t\t<!-- Pagination -->\n\t\t<div class='ngg-clear'><\/div>\t<\/div>\n<\/p>\n<p style=\"text-align: center;\">Vorher \/\u00a0 Nachher<\/p>\n<p style=\"text-align: center;\"><em>(Klicken zum Umschalten)<\/em><\/p>\n<p style=\"text-align: center;\">\n<div class=\"ngg-galleryoverview ngg-slideshow\"\n\tid=\"ngg-slideshow-32c91110af92d59b8b7c62dfce945473-16781205070\"\n\tdata-gallery-id=\"32c91110af92d59b8b7c62dfce945473\"\n\tstyle=\"max-width: 600px;\n\t\t\tmax-height: 400px;\n\t\t\tdisplay: none;\">\n\n\t\n\t\t<a href=\"https:\/\/www.schaper-gartenbau.de\/wp-content\/gallery\/gallery_rosenstr2\/rs000.jpg\"\n\t\t\ttitle=\"\"\n\t\t\tdata-src=\"https:\/\/www.schaper-gartenbau.de\/wp-content\/gallery\/gallery_rosenstr2\/rs000.jpg\"\n\t\t\tdata-thumbnail=\"https:\/\/www.schaper-gartenbau.de\/wp-content\/gallery\/gallery_rosenstr2\/thumbs\/thumbs_rs000.jpg\"\n\t\t\tdata-image-id=\"35\"\n\t\t\tdata-title=\"rs000\"\n\t\t\tdata-description=\"\"\n\t\t\t\t\t\t\t\t\t\t\t\t\t\t\tclass=\"ngg-fancybox\" rel=\"32c91110af92d59b8b7c62dfce945473\">\n\t\t\t\n\t\t\t<img data-image-id='35'\n\t\t\t\ttitle=\"\"\n\t\t\t\talt=\"rs000\"\n\t\t\t\tsrc=\"https:\/\/www.schaper-gartenbau.de\/wp-content\/gallery\/gallery_rosenstr2\/rs000.jpg\"\n\t\t\t\tstyle=\"max-height: 380px;\"\/>\n\t\t<\/a>\n\n\t\t\n\t\t<a href=\"https:\/\/www.schaper-gartenbau.de\/wp-content\/gallery\/gallery_rosenstr2\/rs010.jpg\"\n\t\t\ttitle=\"\"\n\t\t\tdata-src=\"https:\/\/www.schaper-gartenbau.de\/wp-content\/gallery\/gallery_rosenstr2\/rs010.jpg\"\n\t\t\tdata-thumbnail=\"https:\/\/www.schaper-gartenbau.de\/wp-content\/gallery\/gallery_rosenstr2\/thumbs\/thumbs_rs010.jpg\"\n\t\t\tdata-image-id=\"34\"\n\t\t\tdata-title=\"rs010\"\n\t\t\tdata-description=\"\"\n\t\t\t\t\t\t\t\t\t\t\t\t\t\t\tclass=\"ngg-fancybox\" rel=\"32c91110af92d59b8b7c62dfce945473\">\n\t\t\t\n\t\t\t<img data-image-id='34'\n\t\t\t\ttitle=\"\"\n\t\t\t\talt=\"rs010\"\n\t\t\t\tsrc=\"https:\/\/www.schaper-gartenbau.de\/wp-content\/gallery\/gallery_rosenstr2\/rs010.jpg\"\n\t\t\t\tstyle=\"max-height: 380px;\"\/>\n\t\t<\/a>\n\n\t\t<\/div>\n\n\n<\/p>\n<h3 style=\"text-align: left;\">Wege im Garten<\/h3>\n<p style=\"text-align: left;\">Wege sind nicht immer nur das Ziel. Wege sind verbindende Elemente, die Teile einer Gartenanlage trennen oder verbinden k\u00f6nnen. Wir bevorzugen beim Wegebau eine &#8222;organische&#8220; Linienf\u00fchrung mit sanften Schw\u00fcngen und wenig versiegelndem Material wie beispielsweise dem hier verbauten Sabalit-Splitt.<\/p>\n<p style=\"text-align: center;\"><!-- default-view.php -->\n<div\n\tclass=\"ngg-galleryoverview default-view\n\t\t\"\n\tid=\"ngg-gallery-f4fe79595baf834f3ce67ca991e18212-1\"\n\tdata-gallery-id=\"1\">\n\n\t\t<!-- Thumbnails -->\n\t\t\t\t<div id=\"ngg-image-0\" class=\"ngg-gallery-thumbnail-box\n\t\t\t\t\t\t\t\tngg-2-columns\t\t\t\"\n\t\t\t>\n\t\t\t\t\t\t<div class=\"ngg-gallery-thumbnail\">\n\t\t\t<a href=\"https:\/\/www.schaper-gartenbau.de\/wp-content\/gallery\/gallery_01\/img_0001.jpg\"\n\t\t\t\ttitle=\"\"\n\t\t\t\tdata-src=\"https:\/\/www.schaper-gartenbau.de\/wp-content\/gallery\/gallery_01\/img_0001.jpg\"\n\t\t\t\tdata-thumbnail=\"https:\/\/www.schaper-gartenbau.de\/wp-content\/gallery\/gallery_01\/thumbs\/thumbs_img_0001.jpg\"\n\t\t\t\tdata-image-id=\"1\"\n\t\t\t\tdata-title=\"3\"\n\t\t\t\tdata-description=\"\"\n\t\t\t\tdata-image-slug=\"img_0001\"\n\t\t\t\t\t\t\t\t\t\t\t\t\t\t\t\t\t\t\t\tclass=\"ngg-fancybox\" rel=\"f4fe79595baf834f3ce67ca991e18212\">\n\t\t\t\t\t\t\t\t<img\n\t\t\t\t\ttitle=\"3\"\n\t\t\t\t\talt=\"3\"\n\t\t\t\t\tsrc=\"https:\/\/www.schaper-gartenbau.de\/wp-content\/gallery\/gallery_01\/thumbs\/thumbs_img_0001.jpg\"\n\t\t\t\t\twidth=\"240\"\n\t\t\t\t\theight=\"240\"\n\t\t\t\t\tstyle=\"max-width:100%;\"\n\t\t\t\t\/>\n\t\t\t<\/a>\n\t\t<\/div>\n\t\t\t\t\t\t\t<\/div>\n\t\t\t\n\t\t\t\t<div id=\"ngg-image-1\" class=\"ngg-gallery-thumbnail-box\n\t\t\t\t\t\t\t\tngg-2-columns\t\t\t\"\n\t\t\t>\n\t\t\t\t\t\t<div class=\"ngg-gallery-thumbnail\">\n\t\t\t<a href=\"https:\/\/www.schaper-gartenbau.de\/wp-content\/gallery\/gallery_01\/img_0002.jpg\"\n\t\t\t\ttitle=\"\"\n\t\t\t\tdata-src=\"https:\/\/www.schaper-gartenbau.de\/wp-content\/gallery\/gallery_01\/img_0002.jpg\"\n\t\t\t\tdata-thumbnail=\"https:\/\/www.schaper-gartenbau.de\/wp-content\/gallery\/gallery_01\/thumbs\/thumbs_img_0002.jpg\"\n\t\t\t\tdata-image-id=\"2\"\n\t\t\t\tdata-title=\"2\"\n\t\t\t\tdata-description=\"\"\n\t\t\t\tdata-image-slug=\"img_0002\"\n\t\t\t\t\t\t\t\t\t\t\t\t\t\t\t\t\t\t\t\tclass=\"ngg-fancybox\" rel=\"f4fe79595baf834f3ce67ca991e18212\">\n\t\t\t\t\t\t\t\t<img\n\t\t\t\t\ttitle=\"2\"\n\t\t\t\t\talt=\"2\"\n\t\t\t\t\tsrc=\"https:\/\/www.schaper-gartenbau.de\/wp-content\/gallery\/gallery_01\/thumbs\/thumbs_img_0002.jpg\"\n\t\t\t\t\twidth=\"240\"\n\t\t\t\t\theight=\"240\"\n\t\t\t\t\tstyle=\"max-width:100%;\"\n\t\t\t\t\/>\n\t\t\t<\/a>\n\t\t<\/div>\n\t\t\t\t\t\t\t<\/div>\n\t\t\t\n\t\t\t\t<div id=\"ngg-image-2\" class=\"ngg-gallery-thumbnail-box\n\t\t\t\t\t\t\t\tngg-2-columns\t\t\t\"\n\t\t\t>\n\t\t\t\t\t\t<div class=\"ngg-gallery-thumbnail\">\n\t\t\t<a href=\"https:\/\/www.schaper-gartenbau.de\/wp-content\/gallery\/gallery_01\/img_0003-1.jpg\"\n\t\t\t\ttitle=\"\"\n\t\t\t\tdata-src=\"https:\/\/www.schaper-gartenbau.de\/wp-content\/gallery\/gallery_01\/img_0003-1.jpg\"\n\t\t\t\tdata-thumbnail=\"https:\/\/www.schaper-gartenbau.de\/wp-content\/gallery\/gallery_01\/thumbs\/thumbs_img_0003-1.jpg\"\n\t\t\t\tdata-image-id=\"3\"\n\t\t\t\tdata-title=\"1\"\n\t\t\t\tdata-description=\"\"\n\t\t\t\tdata-image-slug=\"img_0003-1\"\n\t\t\t\t\t\t\t\t\t\t\t\t\t\t\t\t\t\t\t\tclass=\"ngg-fancybox\" rel=\"f4fe79595baf834f3ce67ca991e18212\">\n\t\t\t\t\t\t\t\t<img\n\t\t\t\t\ttitle=\"1\"\n\t\t\t\t\talt=\"1\"\n\t\t\t\t\tsrc=\"https:\/\/www.schaper-gartenbau.de\/wp-content\/gallery\/gallery_01\/thumbs\/thumbs_img_0003-1.jpg\"\n\t\t\t\t\twidth=\"240\"\n\t\t\t\t\theight=\"240\"\n\t\t\t\t\tstyle=\"max-width:100%;\"\n\t\t\t\t\/>\n\t\t\t<\/a>\n\t\t<\/div>\n\t\t\t\t\t\t\t<\/div>\n\t\t\t\n\t\n\t<br style=\"clear: both\" \/>\n\n\t\n\t\t<!-- Pagination -->\n\t\t<div class='ngg-clear'><\/div>\t<\/div>\n<\/p>\n","protected":false},"excerpt":{"rendered":"<p>Grundst\u00fcckszufahrten Eine Hauszuwegung wird komplett umgebaut &#8211; von der Entsorgung des Altmaterials \u00fcber die Planung der neuen Zufahrt bis hin zur Ausf\u00fchrung haben wir hier alle Arbeiten durchgef\u00fchrt. Vorher \/\u00a0 Nachher (Klicken zum Umschalten) Wege im Garten Wege sind nicht immer nur das Ziel. Wege sind verbindende Elemente, die Teile einer Gartenanlage trennen oder verbinden [&hellip;]<\/p>\n","protected":false},"author":1,"featured_media":361,"parent":34,"menu_order":0,"comment_status":"closed","ping_status":"closed","template":"","meta":{"ngg_post_thumbnail":0},"_links":{"self":[{"href":"https:\/\/www.schaper-gartenbau.de\/index.php?rest_route=\/wp\/v2\/pages\/37"}],"collection":[{"href":"https:\/\/www.schaper-gartenbau.de\/index.php?rest_route=\/wp\/v2\/pages"}],"about":[{"href":"https:\/\/www.schaper-gartenbau.de\/index.php?rest_route=\/wp\/v2\/types\/page"}],"author":[{"embeddable":true,"href":"https:\/\/www.schaper-gartenbau.de\/index.php?rest_route=\/wp\/v2\/users\/1"}],"replies":[{"embeddable":true,"href":"https:\/\/www.schaper-gartenbau.de\/index.php?rest_route=%2Fwp%2Fv2%2Fcomments&post=37"}],"version-history":[{"count":10,"href":"https:\/\/www.schaper-gartenbau.de\/index.php?rest_route=\/wp\/v2\/pages\/37\/revisions"}],"predecessor-version":[{"id":878,"href":"https:\/\/www.schaper-gartenbau.de\/index.php?rest_route=\/wp\/v2\/pages\/37\/revisions\/878"}],"up":[{"embeddable":true,"href":"https:\/\/www.schaper-gartenbau.de\/index.php?rest_route=\/wp\/v2\/pages\/34"}],"wp:featuredmedia":[{"embeddable":true,"href":"https:\/\/www.schaper-gartenbau.de\/index.php?rest_route=\/wp\/v2\/media\/361"}],"wp:attachment":[{"href":"https:\/\/www.schaper-gartenbau.de\/index.php?rest_route=%2Fwp%2Fv2%2Fmedia&parent=37"}],"curies":[{"name":"wp","href":"https:\/\/api.w.org\/{rel}","templated":true}]}}