{"id":39,"date":"2016-04-30T20:54:25","date_gmt":"2016-04-30T20:54:25","guid":{"rendered":"https:\/\/www.schaper-gartenbau.de\/?page_id=39"},"modified":"2018-05-15T18:12:23","modified_gmt":"2018-05-15T18:12:23","slug":"trockenmauern","status":"publish","type":"page","link":"https:\/\/www.schaper-gartenbau.de\/?page_id=39","title":{"rendered":"Trockenmauern"},"content":{"rendered":"<h3>Trockenmauern aus Naturstein<\/h3>\n<p>Ob als Einfriedung von Beeten, als Hilfe bei der Terrassierung von B\u00f6schungen oder zum Abfangen kleiner H\u00e4nge: Trockenmauern sind vielseitige und dauerhafte Elemente bei der Gartengestalung.<\/p>\n<p>Trockenmauern aus Natur- oder Feldsteinen entstehen durch das \u00fcbereinanderschichten unregelm\u00e4\u00dfig geformter Steinbl\u00f6cke, die nur wenig oder teilweise auch gar nicht bearbeitet wurden.<\/p>\n<p>Die Fugen werden in der Regel nicht mit M\u00f6rtel oder \u00e4hnlichen Bindemitteln aufgef\u00fcllt, allenfalls kann etwas Erde f\u00fcr die Bepflanzung mit geeigneten Mauerpflanzen (Euphorbium, Sedum etc.) eingebracht werden.<\/p>\n<p>Zusammengehalten wird die Trockenmauer durch ihr Eigengewicht, beim Bau wird auf eine feste Gr\u00fcndung und die korrekte Ausrichtung der Steine geachtet.<\/p>\n<p>Trockenmauern sind nicht nur ein echter &#8222;Hingucker&#8220;, sondern bieten auch vielen Kleintieren Unterschlupf in den zahlreichen Nischen und Kl\u00fcften zwischen den einzelnen Steinen.<\/p>\n<p>&nbsp;<\/p>\n<p><!-- default-view.php -->\n<div\n\tclass=\"ngg-galleryoverview default-view\n\t\t\"\n\tid=\"ngg-gallery-826b555dd397f710cb0b3630811388f9-1\"\n\tdata-gallery-id=\"2\">\n\n\t\t<!-- Thumbnails -->\n\t\t\t\t<div id=\"ngg-image-0\" class=\"ngg-gallery-thumbnail-box\n\t\t\t\t\t\t\t\tngg-3-columns\t\t\t\"\n\t\t\t>\n\t\t\t\t\t\t<div class=\"ngg-gallery-thumbnail\">\n\t\t\t<a href=\"https:\/\/www.schaper-gartenbau.de\/wp-content\/gallery\/gallery_trockenmauern\/trockenmauer_001.jpg\"\n\t\t\t\ttitle=\"\"\n\t\t\t\tdata-src=\"https:\/\/www.schaper-gartenbau.de\/wp-content\/gallery\/gallery_trockenmauern\/trockenmauer_001.jpg\"\n\t\t\t\tdata-thumbnail=\"https:\/\/www.schaper-gartenbau.de\/wp-content\/gallery\/gallery_trockenmauern\/thumbs\/thumbs_trockenmauer_001.jpg\"\n\t\t\t\tdata-image-id=\"5\"\n\t\t\t\tdata-title=\"Basalt-Trockenmauer\"\n\t\t\t\tdata-description=\"\"\n\t\t\t\tdata-image-slug=\"trockenmauer_001\"\n\t\t\t\t\t\t\t\t\t\t\t\t\t\t\t\t\t\t\t\tclass=\"ngg-fancybox\" rel=\"826b555dd397f710cb0b3630811388f9\">\n\t\t\t\t\t\t\t\t<img\n\t\t\t\t\ttitle=\"Basalt-Trockenmauer\"\n\t\t\t\t\talt=\"Basalt-Trockenmauer\"\n\t\t\t\t\tsrc=\"https:\/\/www.schaper-gartenbau.de\/wp-content\/gallery\/gallery_trockenmauern\/thumbs\/thumbs_trockenmauer_001.jpg\"\n\t\t\t\t\twidth=\"240\"\n\t\t\t\t\theight=\"240\"\n\t\t\t\t\tstyle=\"max-width:100%;\"\n\t\t\t\t\/>\n\t\t\t<\/a>\n\t\t<\/div>\n\t\t\t\t\t\t\t<\/div>\n\t\t\t\n\t\t\t\t<div id=\"ngg-image-1\" class=\"ngg-gallery-thumbnail-box\n\t\t\t\t\t\t\t\tngg-3-columns\t\t\t\"\n\t\t\t>\n\t\t\t\t\t\t<div class=\"ngg-gallery-thumbnail\">\n\t\t\t<a href=\"https:\/\/www.schaper-gartenbau.de\/wp-content\/gallery\/gallery_trockenmauern\/mauer_001.jpg\"\n\t\t\t\ttitle=\"\"\n\t\t\t\tdata-src=\"https:\/\/www.schaper-gartenbau.de\/wp-content\/gallery\/gallery_trockenmauern\/mauer_001.jpg\"\n\t\t\t\tdata-thumbnail=\"https:\/\/www.schaper-gartenbau.de\/wp-content\/gallery\/gallery_trockenmauern\/thumbs\/thumbs_mauer_001.jpg\"\n\t\t\t\tdata-image-id=\"6\"\n\t\t\t\tdata-title=\"Sandstein-Trockenmauer\"\n\t\t\t\tdata-description=\"\"\n\t\t\t\tdata-image-slug=\"mauer_001\"\n\t\t\t\t\t\t\t\t\t\t\t\t\t\t\t\t\t\t\t\tclass=\"ngg-fancybox\" rel=\"826b555dd397f710cb0b3630811388f9\">\n\t\t\t\t\t\t\t\t<img\n\t\t\t\t\ttitle=\"Sandstein-Trockenmauer\"\n\t\t\t\t\talt=\"Sandstein-Trockenmauer\"\n\t\t\t\t\tsrc=\"https:\/\/www.schaper-gartenbau.de\/wp-content\/gallery\/gallery_trockenmauern\/thumbs\/thumbs_mauer_001.jpg\"\n\t\t\t\t\twidth=\"240\"\n\t\t\t\t\theight=\"240\"\n\t\t\t\t\tstyle=\"max-width:100%;\"\n\t\t\t\t\/>\n\t\t\t<\/a>\n\t\t<\/div>\n\t\t\t\t\t\t\t<\/div>\n\t\t\t\n\t\t\t\t<div id=\"ngg-image-2\" class=\"ngg-gallery-thumbnail-box\n\t\t\t\t\t\t\t\tngg-3-columns\t\t\t\"\n\t\t\t>\n\t\t\t\t\t\t<div class=\"ngg-gallery-thumbnail\">\n\t\t\t<a href=\"https:\/\/www.schaper-gartenbau.de\/wp-content\/gallery\/gallery_trockenmauern\/img_bach_03.jpg\"\n\t\t\t\ttitle=\"\"\n\t\t\t\tdata-src=\"https:\/\/www.schaper-gartenbau.de\/wp-content\/gallery\/gallery_trockenmauern\/img_bach_03.jpg\"\n\t\t\t\tdata-thumbnail=\"https:\/\/www.schaper-gartenbau.de\/wp-content\/gallery\/gallery_trockenmauern\/thumbs\/thumbs_img_bach_03.jpg\"\n\t\t\t\tdata-image-id=\"68\"\n\t\t\t\tdata-title=\"Sandstein-Trockenmauer als Rampe\"\n\t\t\t\tdata-description=\"\"\n\t\t\t\tdata-image-slug=\"img_bach_03-1\"\n\t\t\t\t\t\t\t\t\t\t\t\t\t\t\t\t\t\t\t\tclass=\"ngg-fancybox\" rel=\"826b555dd397f710cb0b3630811388f9\">\n\t\t\t\t\t\t\t\t<img\n\t\t\t\t\ttitle=\"Sandstein-Trockenmauer als Rampe\"\n\t\t\t\t\talt=\"Sandstein-Trockenmauer als Rampe\"\n\t\t\t\t\tsrc=\"https:\/\/www.schaper-gartenbau.de\/wp-content\/gallery\/gallery_trockenmauern\/thumbs\/thumbs_img_bach_03.jpg\"\n\t\t\t\t\twidth=\"240\"\n\t\t\t\t\theight=\"240\"\n\t\t\t\t\tstyle=\"max-width:100%;\"\n\t\t\t\t\/>\n\t\t\t<\/a>\n\t\t<\/div>\n\t\t\t\t\t\t\t<\/div>\n\t\t\t\n\t\t\t\t<div id=\"ngg-image-3\" class=\"ngg-gallery-thumbnail-box\n\t\t\t\t\t\t\t\tngg-3-columns\t\t\t\"\n\t\t\t>\n\t\t\t\t\t\t<div class=\"ngg-gallery-thumbnail\">\n\t\t\t<a href=\"https:\/\/www.schaper-gartenbau.de\/wp-content\/gallery\/gallery_trockenmauern\/img_trockenmauer_basalt_00.jpg\"\n\t\t\t\ttitle=\"\"\n\t\t\t\tdata-src=\"https:\/\/www.schaper-gartenbau.de\/wp-content\/gallery\/gallery_trockenmauern\/img_trockenmauer_basalt_00.jpg\"\n\t\t\t\tdata-thumbnail=\"https:\/\/www.schaper-gartenbau.de\/wp-content\/gallery\/gallery_trockenmauern\/thumbs\/thumbs_img_trockenmauer_basalt_00.jpg\"\n\t\t\t\tdata-image-id=\"69\"\n\t\t\t\tdata-title=\"Basalt-Trockenmauer\"\n\t\t\t\tdata-description=\"\"\n\t\t\t\tdata-image-slug=\"img_trockenmauer_basalt_00\"\n\t\t\t\t\t\t\t\t\t\t\t\t\t\t\t\t\t\t\t\tclass=\"ngg-fancybox\" rel=\"826b555dd397f710cb0b3630811388f9\">\n\t\t\t\t\t\t\t\t<img\n\t\t\t\t\ttitle=\"Basalt-Trockenmauer\"\n\t\t\t\t\talt=\"Basalt-Trockenmauer\"\n\t\t\t\t\tsrc=\"https:\/\/www.schaper-gartenbau.de\/wp-content\/gallery\/gallery_trockenmauern\/thumbs\/thumbs_img_trockenmauer_basalt_00.jpg\"\n\t\t\t\t\twidth=\"240\"\n\t\t\t\t\theight=\"240\"\n\t\t\t\t\tstyle=\"max-width:100%;\"\n\t\t\t\t\/>\n\t\t\t<\/a>\n\t\t<\/div>\n\t\t\t\t\t\t\t<\/div>\n\t\t\t\n\t\t\t\t<div id=\"ngg-image-4\" class=\"ngg-gallery-thumbnail-box\n\t\t\t\t\t\t\t\tngg-3-columns\t\t\t\"\n\t\t\t>\n\t\t\t\t\t\t<div class=\"ngg-gallery-thumbnail\">\n\t\t\t<a href=\"https:\/\/www.schaper-gartenbau.de\/wp-content\/gallery\/gallery_trockenmauern\/img_trockenmauer_sandstein_00.jpg\"\n\t\t\t\ttitle=\"\"\n\t\t\t\tdata-src=\"https:\/\/www.schaper-gartenbau.de\/wp-content\/gallery\/gallery_trockenmauern\/img_trockenmauer_sandstein_00.jpg\"\n\t\t\t\tdata-thumbnail=\"https:\/\/www.schaper-gartenbau.de\/wp-content\/gallery\/gallery_trockenmauern\/thumbs\/thumbs_img_trockenmauer_sandstein_00.jpg\"\n\t\t\t\tdata-image-id=\"70\"\n\t\t\t\tdata-title=\"Sandstein-Trockenmauer mit Nischen\"\n\t\t\t\tdata-description=\"\"\n\t\t\t\tdata-image-slug=\"img_trockenmauer_sandstein_00\"\n\t\t\t\t\t\t\t\t\t\t\t\t\t\t\t\t\t\t\t\tclass=\"ngg-fancybox\" rel=\"826b555dd397f710cb0b3630811388f9\">\n\t\t\t\t\t\t\t\t<img\n\t\t\t\t\ttitle=\"Sandstein-Trockenmauer mit Nischen\"\n\t\t\t\t\talt=\"Sandstein-Trockenmauer mit Nischen\"\n\t\t\t\t\tsrc=\"https:\/\/www.schaper-gartenbau.de\/wp-content\/gallery\/gallery_trockenmauern\/thumbs\/thumbs_img_trockenmauer_sandstein_00.jpg\"\n\t\t\t\t\twidth=\"240\"\n\t\t\t\t\theight=\"240\"\n\t\t\t\t\tstyle=\"max-width:100%;\"\n\t\t\t\t\/>\n\t\t\t<\/a>\n\t\t<\/div>\n\t\t\t\t\t\t\t<\/div>\n\t\t\t\n\t\t\t\t<div id=\"ngg-image-5\" class=\"ngg-gallery-thumbnail-box\n\t\t\t\t\t\t\t\tngg-3-columns\t\t\t\"\n\t\t\t>\n\t\t\t\t\t\t<div class=\"ngg-gallery-thumbnail\">\n\t\t\t<a href=\"https:\/\/www.schaper-gartenbau.de\/wp-content\/gallery\/gallery_trockenmauern\/img_trockenmauer_sandstein_01.jpg\"\n\t\t\t\ttitle=\"\"\n\t\t\t\tdata-src=\"https:\/\/www.schaper-gartenbau.de\/wp-content\/gallery\/gallery_trockenmauern\/img_trockenmauer_sandstein_01.jpg\"\n\t\t\t\tdata-thumbnail=\"https:\/\/www.schaper-gartenbau.de\/wp-content\/gallery\/gallery_trockenmauern\/thumbs\/thumbs_img_trockenmauer_sandstein_01.jpg\"\n\t\t\t\tdata-image-id=\"71\"\n\t\t\t\tdata-title=\"Sandstein-Trockenmauer\"\n\t\t\t\tdata-description=\"\"\n\t\t\t\tdata-image-slug=\"img_trockenmauer_sandstein_01\"\n\t\t\t\t\t\t\t\t\t\t\t\t\t\t\t\t\t\t\t\tclass=\"ngg-fancybox\" rel=\"826b555dd397f710cb0b3630811388f9\">\n\t\t\t\t\t\t\t\t<img\n\t\t\t\t\ttitle=\"Sandstein-Trockenmauer\"\n\t\t\t\t\talt=\"Sandstein-Trockenmauer\"\n\t\t\t\t\tsrc=\"https:\/\/www.schaper-gartenbau.de\/wp-content\/gallery\/gallery_trockenmauern\/thumbs\/thumbs_img_trockenmauer_sandstein_01.jpg\"\n\t\t\t\t\twidth=\"240\"\n\t\t\t\t\theight=\"240\"\n\t\t\t\t\tstyle=\"max-width:100%;\"\n\t\t\t\t\/>\n\t\t\t<\/a>\n\t\t<\/div>\n\t\t\t\t\t\t\t<\/div>\n\t\t\t\n\t\t\t\t<div id=\"ngg-image-6\" class=\"ngg-gallery-thumbnail-box\n\t\t\t\t\t\t\t\tngg-3-columns\t\t\t\"\n\t\t\t>\n\t\t\t\t\t\t<div class=\"ngg-gallery-thumbnail\">\n\t\t\t<a href=\"https:\/\/www.schaper-gartenbau.de\/wp-content\/gallery\/gallery_trockenmauern\/img_trockenmauer_sandstein_022.jpg\"\n\t\t\t\ttitle=\"\"\n\t\t\t\tdata-src=\"https:\/\/www.schaper-gartenbau.de\/wp-content\/gallery\/gallery_trockenmauern\/img_trockenmauer_sandstein_022.jpg\"\n\t\t\t\tdata-thumbnail=\"https:\/\/www.schaper-gartenbau.de\/wp-content\/gallery\/gallery_trockenmauern\/thumbs\/thumbs_img_trockenmauer_sandstein_022.jpg\"\n\t\t\t\tdata-image-id=\"73\"\n\t\t\t\tdata-title=\"Sandstein-Trockenmauer\"\n\t\t\t\tdata-description=\"\"\n\t\t\t\tdata-image-slug=\"img_trockenmauer_sandstein_022\"\n\t\t\t\t\t\t\t\t\t\t\t\t\t\t\t\t\t\t\t\tclass=\"ngg-fancybox\" rel=\"826b555dd397f710cb0b3630811388f9\">\n\t\t\t\t\t\t\t\t<img\n\t\t\t\t\ttitle=\"Sandstein-Trockenmauer\"\n\t\t\t\t\talt=\"Sandstein-Trockenmauer\"\n\t\t\t\t\tsrc=\"https:\/\/www.schaper-gartenbau.de\/wp-content\/gallery\/gallery_trockenmauern\/thumbs\/thumbs_img_trockenmauer_sandstein_022.jpg\"\n\t\t\t\t\twidth=\"240\"\n\t\t\t\t\theight=\"240\"\n\t\t\t\t\tstyle=\"max-width:100%;\"\n\t\t\t\t\/>\n\t\t\t<\/a>\n\t\t<\/div>\n\t\t\t\t\t\t\t<\/div>\n\t\t\t\n\t\t\t\t<div id=\"ngg-image-7\" class=\"ngg-gallery-thumbnail-box\n\t\t\t\t\t\t\t\tngg-3-columns\t\t\t\"\n\t\t\t>\n\t\t\t\t\t\t<div class=\"ngg-gallery-thumbnail\">\n\t\t\t<a href=\"https:\/\/www.schaper-gartenbau.de\/wp-content\/gallery\/gallery_trockenmauern\/zwei_jahre_spaeter-3.jpg\"\n\t\t\t\ttitle=\"\"\n\t\t\t\tdata-src=\"https:\/\/www.schaper-gartenbau.de\/wp-content\/gallery\/gallery_trockenmauern\/zwei_jahre_spaeter-3.jpg\"\n\t\t\t\tdata-thumbnail=\"https:\/\/www.schaper-gartenbau.de\/wp-content\/gallery\/gallery_trockenmauern\/thumbs\/thumbs_zwei_jahre_spaeter-3.jpg\"\n\t\t\t\tdata-image-id=\"91\"\n\t\t\t\tdata-title=\"Basalt-Trockenmauer - zwei Jahre sp\u00e4ter\"\n\t\t\t\tdata-description=\"\"\n\t\t\t\tdata-image-slug=\"zwei_jahre_spaeter-3\"\n\t\t\t\t\t\t\t\t\t\t\t\t\t\t\t\t\t\t\t\tclass=\"ngg-fancybox\" rel=\"826b555dd397f710cb0b3630811388f9\">\n\t\t\t\t\t\t\t\t<img\n\t\t\t\t\ttitle=\"Basalt-Trockenmauer - zwei Jahre sp\u00e4ter\"\n\t\t\t\t\talt=\"Basalt-Trockenmauer - zwei Jahre sp\u00e4ter\"\n\t\t\t\t\tsrc=\"https:\/\/www.schaper-gartenbau.de\/wp-content\/gallery\/gallery_trockenmauern\/thumbs\/thumbs_zwei_jahre_spaeter-3.jpg\"\n\t\t\t\t\twidth=\"240\"\n\t\t\t\t\theight=\"240\"\n\t\t\t\t\tstyle=\"max-width:100%;\"\n\t\t\t\t\/>\n\t\t\t<\/a>\n\t\t<\/div>\n\t\t\t\t\t\t\t<\/div>\n\t\t\t\n\t\t\t\t<div id=\"ngg-image-8\" class=\"ngg-gallery-thumbnail-box\n\t\t\t\t\t\t\t\tngg-3-columns\t\t\t\"\n\t\t\t>\n\t\t\t\t\t\t<div class=\"ngg-gallery-thumbnail\">\n\t\t\t<a href=\"https:\/\/www.schaper-gartenbau.de\/wp-content\/gallery\/gallery_trockenmauern\/zwei_jahre_spaeter-1.jpg\"\n\t\t\t\ttitle=\"\"\n\t\t\t\tdata-src=\"https:\/\/www.schaper-gartenbau.de\/wp-content\/gallery\/gallery_trockenmauern\/zwei_jahre_spaeter-1.jpg\"\n\t\t\t\tdata-thumbnail=\"https:\/\/www.schaper-gartenbau.de\/wp-content\/gallery\/gallery_trockenmauern\/thumbs\/thumbs_zwei_jahre_spaeter-1.jpg\"\n\t\t\t\tdata-image-id=\"92\"\n\t\t\t\tdata-title=\"Basalt-Trockenmauer - zwei Jahre sp\u00e4ter\"\n\t\t\t\tdata-description=\"\"\n\t\t\t\tdata-image-slug=\"zwei_jahre_spaeter-1\"\n\t\t\t\t\t\t\t\t\t\t\t\t\t\t\t\t\t\t\t\tclass=\"ngg-fancybox\" rel=\"826b555dd397f710cb0b3630811388f9\">\n\t\t\t\t\t\t\t\t<img\n\t\t\t\t\ttitle=\"Basalt-Trockenmauer - zwei Jahre sp\u00e4ter\"\n\t\t\t\t\talt=\"Basalt-Trockenmauer - zwei Jahre sp\u00e4ter\"\n\t\t\t\t\tsrc=\"https:\/\/www.schaper-gartenbau.de\/wp-content\/gallery\/gallery_trockenmauern\/thumbs\/thumbs_zwei_jahre_spaeter-1.jpg\"\n\t\t\t\t\twidth=\"240\"\n\t\t\t\t\theight=\"240\"\n\t\t\t\t\tstyle=\"max-width:100%;\"\n\t\t\t\t\/>\n\t\t\t<\/a>\n\t\t<\/div>\n\t\t\t\t\t\t\t<\/div>\n\t\t\t\n\t\n\t<br style=\"clear: both\" \/>\n\n\t\n\t\t<!-- Pagination -->\n\t\t<div class='ngg-clear'><\/div>\t<\/div>\n<\/p>\n<p>&nbsp;<\/p>\n","protected":false},"excerpt":{"rendered":"<p>Trockenmauern aus Naturstein Ob als Einfriedung von Beeten, als Hilfe bei der Terrassierung von B\u00f6schungen oder zum Abfangen kleiner H\u00e4nge: Trockenmauern sind vielseitige und dauerhafte Elemente bei der Gartengestalung. Trockenmauern aus Natur- oder Feldsteinen entstehen durch das \u00fcbereinanderschichten unregelm\u00e4\u00dfig geformter Steinbl\u00f6cke, die nur wenig oder teilweise auch gar nicht bearbeitet wurden. Die Fugen werden in [&hellip;]<\/p>\n","protected":false},"author":1,"featured_media":0,"parent":34,"menu_order":0,"comment_status":"closed","ping_status":"closed","template":"","meta":{"ngg_post_thumbnail":0},"_links":{"self":[{"href":"https:\/\/www.schaper-gartenbau.de\/index.php?rest_route=\/wp\/v2\/pages\/39"}],"collection":[{"href":"https:\/\/www.schaper-gartenbau.de\/index.php?rest_route=\/wp\/v2\/pages"}],"about":[{"href":"https:\/\/www.schaper-gartenbau.de\/index.php?rest_route=\/wp\/v2\/types\/page"}],"author":[{"embeddable":true,"href":"https:\/\/www.schaper-gartenbau.de\/index.php?rest_route=\/wp\/v2\/users\/1"}],"replies":[{"embeddable":true,"href":"https:\/\/www.schaper-gartenbau.de\/index.php?rest_route=%2Fwp%2Fv2%2Fcomments&post=39"}],"version-history":[{"count":16,"href":"https:\/\/www.schaper-gartenbau.de\/index.php?rest_route=\/wp\/v2\/pages\/39\/revisions"}],"predecessor-version":[{"id":877,"href":"https:\/\/www.schaper-gartenbau.de\/index.php?rest_route=\/wp\/v2\/pages\/39\/revisions\/877"}],"up":[{"embeddable":true,"href":"https:\/\/www.schaper-gartenbau.de\/index.php?rest_route=\/wp\/v2\/pages\/34"}],"wp:attachment":[{"href":"https:\/\/www.schaper-gartenbau.de\/index.php?rest_route=%2Fwp%2Fv2%2Fmedia&parent=39"}],"curies":[{"name":"wp","href":"https:\/\/api.w.org\/{rel}","templated":true}]}}