{"id":42,"date":"2016-04-30T20:55:54","date_gmt":"2016-04-30T20:55:54","guid":{"rendered":"https:\/\/www.schaper-gartenbau.de\/?page_id=42"},"modified":"2018-05-15T18:11:02","modified_gmt":"2018-05-15T18:11:02","slug":"teiche-und-bachlaeufe","status":"publish","type":"page","link":"https:\/\/www.schaper-gartenbau.de\/?page_id=42","title":{"rendered":"Teiche und Bachl\u00e4ufe"},"content":{"rendered":"<h3>Wasser!<\/h3>\n<h4>Das i-T\u00fcpfelchen: Der Gartenteich.<\/h4>\n<p style=\"text-align: left;\">Als kleiner oder gro\u00dfer, naturnaher Teich, als k\u00fcnstlicher Bachlauf oder Schwimmteich bildet eine Wasserfl\u00e4che ein belebendes Element in jedem Garten.<\/p>\n<p style=\"text-align: center;\"><!-- default-view.php -->\n<div\n\tclass=\"ngg-galleryoverview default-view\n\t\t\"\n\tid=\"ngg-gallery-81e69638b46587c505afdcc4b77292bf-1\"\n\tdata-nextgen-gallery-id=\"13\"\n\tdata-gallery-id=\"13\"\n\t\tdata-gallery-name=\"gallery_bach\"\n\t>\n\n\t\t<!-- Thumbnails -->\n\t\t\t\t<div id=\"ngg-image-0\" class=\"ngg-gallery-thumbnail-box\n\t\t\t\t\t\t\t\tngg-3-columns\t\t\t\"\n\t\t\t>\n\t\t\t\t\t\t<div class=\"ngg-gallery-thumbnail\">\n\t\t<a href=\"https:\/\/www.schaper-gartenbau.de\/wp-content\/gallery\/gallery_bach\/img_bach_03.jpg?t=1465306198\"\n\t\t\ttitle=\"\"\n\t\t\tdata-src=\"https:\/\/www.schaper-gartenbau.de\/wp-content\/gallery\/gallery_bach\/img_bach_03.jpg?t=1465306198\"\n\t\t\tdata-thumbnail=\"https:\/\/www.schaper-gartenbau.de\/wp-content\/gallery\/gallery_bach\/thumbs\/thumbs_img_bach_03.jpg?t=1465306198\"\n\t\t\tdata-image-id=\"51\"\n\t\t\tdata-image-name=\"img_bach_03.jpg\"\n\t\t\tdata-title=\"Bachlauf kurz vor der Fertigstellung\"\n\t\t\tdata-description=\"\"\n\t\t\tdata-image-slug=\"img_bach_03\"\n\t\t\t\t\t\t\t\t\t\t\t\t\t\t\t\t\t\t\t\tclass=\"ngg-fancybox\" rel=\"81e69638b46587c505afdcc4b77292bf\">\n\t\t\t\t\t\t\t\t<img\n\t\t\t\t\ttitle=\"Bachlauf kurz vor der Fertigstellung\"\n\t\t\t\t\talt=\"Bachlauf kurz vor der Fertigstellung\"\n\t\t\t\t\tsrc=\"https:\/\/www.schaper-gartenbau.de\/wp-content\/gallery\/gallery_bach\/thumbs\/thumbs_img_bach_03.jpg?t=1465306198\"\n\t\t\t\t\twidth=\"240\"\n\t\t\t\t\theight=\"240\"\n\t\t\t\t\tstyle=\"max-width:100%;\"\n\t\t\t\t\/>\n\t\t\t<\/a>\n\t\t<\/div>\n\t\t\t\t\t\t\t<\/div>\n\t\t\t\n\t\t\t\t<div id=\"ngg-image-1\" class=\"ngg-gallery-thumbnail-box\n\t\t\t\t\t\t\t\tngg-3-columns\t\t\t\"\n\t\t\t>\n\t\t\t\t\t\t<div class=\"ngg-gallery-thumbnail\">\n\t\t<a href=\"https:\/\/www.schaper-gartenbau.de\/wp-content\/gallery\/gallery_bach\/img_bachlauf_01.jpg?t=1465306180\"\n\t\t\ttitle=\"\"\n\t\t\tdata-src=\"https:\/\/www.schaper-gartenbau.de\/wp-content\/gallery\/gallery_bach\/img_bachlauf_01.jpg?t=1465306180\"\n\t\t\tdata-thumbnail=\"https:\/\/www.schaper-gartenbau.de\/wp-content\/gallery\/gallery_bach\/thumbs\/thumbs_img_bachlauf_01.jpg?t=1465306180\"\n\t\t\tdata-image-id=\"72\"\n\t\t\tdata-image-name=\"img_bachlauf_01.jpg\"\n\t\t\tdata-title=\"Bachlauf mit Querung\"\n\t\t\tdata-description=\"\"\n\t\t\tdata-image-slug=\"img_bachlauf_01\"\n\t\t\t\t\t\t\t\t\t\t\t\t\t\t\t\t\t\t\t\tclass=\"ngg-fancybox\" rel=\"81e69638b46587c505afdcc4b77292bf\">\n\t\t\t\t\t\t\t\t<img\n\t\t\t\t\ttitle=\"Bachlauf mit Querung\"\n\t\t\t\t\talt=\"Bachlauf mit Querung\"\n\t\t\t\t\tsrc=\"https:\/\/www.schaper-gartenbau.de\/wp-content\/gallery\/gallery_bach\/thumbs\/thumbs_img_bachlauf_01.jpg?t=1465306180\"\n\t\t\t\t\twidth=\"240\"\n\t\t\t\t\theight=\"240\"\n\t\t\t\t\tstyle=\"max-width:100%;\"\n\t\t\t\t\/>\n\t\t\t<\/a>\n\t\t<\/div>\n\t\t\t\t\t\t\t<\/div>\n\t\t\t\n\t\n\t<br style=\"clear: both\" \/>\n\n\t\n\t\t<!-- Pagination -->\n\t\t<div class='ngg-clear'><\/div>\t<\/div>\n<\/p>\n<p style=\"text-align: left;\">\n","protected":false},"excerpt":{"rendered":"<p>Wasser! Das i-T\u00fcpfelchen: Der Gartenteich. Als kleiner oder gro\u00dfer, naturnaher Teich, als k\u00fcnstlicher Bachlauf oder Schwimmteich bildet eine Wasserfl\u00e4che ein belebendes Element in jedem Garten.<\/p>\n","protected":false},"author":1,"featured_media":0,"parent":34,"menu_order":0,"comment_status":"closed","ping_status":"closed","template":"","meta":{"ngg_post_thumbnail":0},"_links":{"self":[{"href":"https:\/\/www.schaper-gartenbau.de\/index.php?rest_route=\/wp\/v2\/pages\/42"}],"collection":[{"href":"https:\/\/www.schaper-gartenbau.de\/index.php?rest_route=\/wp\/v2\/pages"}],"about":[{"href":"https:\/\/www.schaper-gartenbau.de\/index.php?rest_route=\/wp\/v2\/types\/page"}],"author":[{"embeddable":true,"href":"https:\/\/www.schaper-gartenbau.de\/index.php?rest_route=\/wp\/v2\/users\/1"}],"replies":[{"embeddable":true,"href":"https:\/\/www.schaper-gartenbau.de\/index.php?rest_route=%2Fwp%2Fv2%2Fcomments&post=42"}],"version-history":[{"count":5,"href":"https:\/\/www.schaper-gartenbau.de\/index.php?rest_route=\/wp\/v2\/pages\/42\/revisions"}],"predecessor-version":[{"id":876,"href":"https:\/\/www.schaper-gartenbau.de\/index.php?rest_route=\/wp\/v2\/pages\/42\/revisions\/876"}],"up":[{"embeddable":true,"href":"https:\/\/www.schaper-gartenbau.de\/index.php?rest_route=\/wp\/v2\/pages\/34"}],"wp:attachment":[{"href":"https:\/\/www.schaper-gartenbau.de\/index.php?rest_route=%2Fwp%2Fv2%2Fmedia&parent=42"}],"curies":[{"name":"wp","href":"https:\/\/api.w.org\/{rel}","templated":true}]}}