{"id":48,"date":"2016-04-30T21:26:07","date_gmt":"2016-04-30T21:26:07","guid":{"rendered":"https:\/\/www.schaper-gartenbau.de\/?page_id=48"},"modified":"2018-05-15T18:17:50","modified_gmt":"2018-05-15T18:17:50","slug":"impressum","status":"publish","type":"page","link":"https:\/\/www.schaper-gartenbau.de\/?page_id=48","title":{"rendered":"Impressum"},"content":{"rendered":"<h2>Rechtliches&#8230;<\/h2>\n<p>&nbsp;<\/p>\n<div class=\"text_padding5\" align=\"left\">\n<p>Heiko Schaper<\/p>\n<p>Garten- und Landschaftsbau<\/p>\n<p>Steinsm\u00fchle 3<\/p>\n<p>37130 Klein-Lengden<\/p>\n<p>Telefon: +49 5508 979866<\/p>\n<p>Telefax: +49 5508 979859<\/p>\n<\/div>\n<div class=\"text_padding5\" align=\"left\">\n<p>E-Mail: <span style=\"color: #78c679;\"><a style=\"color: #78c679;\" href=\"mailto:info@schaper-gartenbau.de\">info@schaper-gartenbau.de<\/a><\/span><\/p>\n<p>Internet: <span style=\"color: #78c679;\"><a style=\"color: #78c679;\" href=\"https:\/\/www.schaper-gartenbau.de\">www.schaper-gartenbau.de<\/a><\/span><\/p>\n<p><b>Inhaber:<\/b><\/p>\n<p>Heiko Schaper<\/p>\n<p>Steinsm\u00fchle 3<\/p>\n<p>37130 Klein-Lengden<\/p>\n<\/div>\n<div class=\"text_padding5\" align=\"left\">\n<p><b>Berufsbezeichnung:<\/b> G\u00e4rtner<\/p>\n<p>Zust\u00e4ndige Kammer:<\/p>\n<p>IHK Hannover<\/p>\n<p>Schiffgraben 49<\/p>\n<p>30175 Hannover<\/p>\n<\/div>\n<div class=\"text_padding5\" align=\"left\">\n<p><b>Gesellschaftsform:<\/b> Einzelunternehmen<br \/>\nUmsatzsteuer-Identifikationsnummer gem\u00e4\u00df \u00a7 27 a Umsatzsteuergesetz: &#8212;<\/p>\n<p>Steuernummer: 20\/140\/00144<\/p>\n<\/div>\n<div class=\"text_padding5\" align=\"left\"><b>Haftungshinweis:<\/b><br \/>\nTrotz sorgf\u00e4ltiger inhaltlicher Kontrolle \u00fcbernehmen wir keine Haftung f\u00fcr die Inhalte externer Links.<br \/>\nF\u00fcr den Inhalt der verlinkten Seiten sind ausschlie\u00dflich deren Betreiber verantwortlich.<\/div>\n<p>&nbsp;<\/p>\n<div class=\"text_padding5\" align=\"left\">\n<p><b>Fotografien: <\/b>Heiko Schaper<b><\/b><\/p>\n<p>Bilder &amp; Grafiken:<br \/>\nAlle Bilder und Grafiken auf<span style=\"color: #78c679;\"> <a style=\"color: #78c679;\" href=\"https:\/\/schaper-gartenbau.de\">www.schaper-gartenbau.de<\/a><\/span><br \/>\nsind Eigentum von:<\/p>\n<p>Heiko Schaper<\/p>\n<\/div>\n<div class=\"text_padding5\" align=\"left\"><b>Copyright (\u00a9):<\/b><br \/>\nHeiko Schaper<br \/>\nWeiterverwendung ist nur mit ausdr\u00fccklicher,schriftlicher Genehmigung gestattet.<\/div>\n","protected":false},"excerpt":{"rendered":"<p>Rechtliches&#8230; &nbsp; Heiko Schaper Garten- und Landschaftsbau Steinsm\u00fchle 3 37130 Klein-Lengden Telefon: +49 5508 979866 Telefax: +49 5508 979859 E-Mail: info@schaper-gartenbau.de Internet: www.schaper-gartenbau.de Inhaber: Heiko Schaper Steinsm\u00fchle 3 37130 Klein-Lengden Berufsbezeichnung: G\u00e4rtner Zust\u00e4ndige Kammer: IHK Hannover Schiffgraben 49 30175 Hannover Gesellschaftsform: Einzelunternehmen Umsatzsteuer-Identifikationsnummer gem\u00e4\u00df \u00a7 27 a Umsatzsteuergesetz: &#8212; Steuernummer: 20\/140\/00144 Haftungshinweis: Trotz sorgf\u00e4ltiger inhaltlicher [&hellip;]<\/p>\n","protected":false},"author":1,"featured_media":0,"parent":54,"menu_order":0,"comment_status":"closed","ping_status":"closed","template":"","meta":{"ngg_post_thumbnail":0},"_links":{"self":[{"href":"https:\/\/www.schaper-gartenbau.de\/index.php?rest_route=\/wp\/v2\/pages\/48"}],"collection":[{"href":"https:\/\/www.schaper-gartenbau.de\/index.php?rest_route=\/wp\/v2\/pages"}],"about":[{"href":"https:\/\/www.schaper-gartenbau.de\/index.php?rest_route=\/wp\/v2\/types\/page"}],"author":[{"embeddable":true,"href":"https:\/\/www.schaper-gartenbau.de\/index.php?rest_route=\/wp\/v2\/users\/1"}],"replies":[{"embeddable":true,"href":"https:\/\/www.schaper-gartenbau.de\/index.php?rest_route=%2Fwp%2Fv2%2Fcomments&post=48"}],"version-history":[{"count":11,"href":"https:\/\/www.schaper-gartenbau.de\/index.php?rest_route=\/wp\/v2\/pages\/48\/revisions"}],"predecessor-version":[{"id":881,"href":"https:\/\/www.schaper-gartenbau.de\/index.php?rest_route=\/wp\/v2\/pages\/48\/revisions\/881"}],"up":[{"embeddable":true,"href":"https:\/\/www.schaper-gartenbau.de\/index.php?rest_route=\/wp\/v2\/pages\/54"}],"wp:attachment":[{"href":"https:\/\/www.schaper-gartenbau.de\/index.php?rest_route=%2Fwp%2Fv2%2Fmedia&parent=48"}],"curies":[{"name":"wp","href":"https:\/\/api.w.org\/{rel}","templated":true}]}}