{"id":51,"date":"2016-04-30T21:27:34","date_gmt":"2016-04-30T21:27:34","guid":{"rendered":"https:\/\/www.schaper-gartenbau.de\/?page_id=51"},"modified":"2019-01-15T21:09:51","modified_gmt":"2019-01-15T21:09:51","slug":"ueber-uns","status":"publish","type":"page","link":"https:\/\/www.schaper-gartenbau.de\/?page_id=51","title":{"rendered":"\u00dcber uns"},"content":{"rendered":"<h2><b>Seit \u00fcber <del>20<\/del> <span style=\"color: #ff6600;\">25<\/span> Jahren im Einsatz f\u00fcr sch\u00f6nere G\u00e4rten!<\/b><\/h2>\n<p>&nbsp;<\/p>\n<p class=\"text_padding5\" style=\"text-align: left;\">Nach der Firmengr\u00fcndung im Januar 1991 war die Firma &#8222;Garten- und Landschaftsbau Heiko Schaper&#8220; zun\u00e4chst in der Ortschaft Diemarden und sp\u00e4ter in Geismar ans\u00e4ssig<\/p>\n<p>Ende Januar 2004 erfolgte der Umzug ins neue Domizil in die Steinsm\u00fchle bei Klein Lengden.<\/p>\n<p style=\"text-align: center;\"><iframe loading=\"lazy\" style=\"border: 0;\" src=\"https:\/\/www.google.com\/maps\/embed?pb=!1m14!1m8!1m3!1d9936.463729118577!2d10.01832!3d51.49274!3m2!1i1024!2i768!4f13.1!3m3!1m2!1s0x0%3A0xa1492e7395f04acb!2sHeiko+Schaper!5e0!3m2!1sde!2sde!4v1463262064336\" allowfullscreen=\"allowfullscreen\" width=\"400\" height=\"300\" frameborder=\"0\"><\/iframe><\/p>\n<p class=\"text_padding5\" style=\"text-align: left;\">Mit dabei von Anfang an: Das Firmenlogo &#8211; ein kleiner Maulwurf.<\/p>\n<p class=\"text_padding5\" style=\"text-align: left;\">Ein st\u00e4ndig wachsender Maschinenpark samt Minibagger und mobilem Schredder sowie qualifiziertes und erfahrenes Personal erlauben inzwischen eine gro\u00dfe Flexibilit\u00e4t bei der Auftragsbearbeitung.<\/p>\n<h4 class=\"text_padding5\" style=\"text-align: left;\">Ein paar Impressionen:<\/h4>\n<p class=\"text_padding5\" style=\"text-align: center;\"><!-- default-view.php -->\n<div\n\tclass=\"ngg-galleryoverview default-view\n\t\t\"\n\tid=\"ngg-gallery-032380e73fc9e3f312482e919af97eda-1\"\n\tdata-nextgen-gallery-id=\"12\"\n\tdata-gallery-id=\"12\"\n\t\tdata-gallery-name=\"gallery_work\"\n\t>\n\n\t\t<!-- Thumbnails -->\n\t\t\t\t<div id=\"ngg-image-0\" class=\"ngg-gallery-thumbnail-box\n\t\t\t\t\t\t\t\tngg-3-columns\t\t\t\"\n\t\t\t>\n\t\t\t\t\t\t<div class=\"ngg-gallery-thumbnail\">\n\t\t<a href=\"https:\/\/www.schaper-gartenbau.de\/wp-content\/gallery\/gallery_work\/img_work_01.jpg?t=1547586598\"\n\t\t\ttitle=\"\"\n\t\t\tdata-src=\"https:\/\/www.schaper-gartenbau.de\/wp-content\/gallery\/gallery_work\/img_work_01.jpg?t=1547586598\"\n\t\t\tdata-thumbnail=\"https:\/\/www.schaper-gartenbau.de\/wp-content\/gallery\/gallery_work\/thumbs\/thumbs_img_work_01.jpg?t=1547586598\"\n\t\t\tdata-image-id=\"46\"\n\t\t\tdata-image-name=\"img_work_01.jpg\"\n\t\t\tdata-title=\"Chef bei der Arbeit\"\n\t\t\tdata-description=\"\"\n\t\t\tdata-image-slug=\"img_work_01\"\n\t\t\t\t\t\t\t\t\t\t\t\t\t\t\t\t\t\t\t\tclass=\"ngg-fancybox\" rel=\"032380e73fc9e3f312482e919af97eda\">\n\t\t\t\t\t\t\t\t<img\n\t\t\t\t\ttitle=\"Chef bei der Arbeit\"\n\t\t\t\t\talt=\"Chef bei der Arbeit\"\n\t\t\t\t\tsrc=\"https:\/\/www.schaper-gartenbau.de\/wp-content\/gallery\/gallery_work\/thumbs\/thumbs_img_work_01.jpg?t=1547586598\"\n\t\t\t\t\twidth=\"240\"\n\t\t\t\t\theight=\"240\"\n\t\t\t\t\tstyle=\"max-width:100%;\"\n\t\t\t\t\/>\n\t\t\t<\/a>\n\t\t<\/div>\n\t\t\t\t\t\t\t<\/div>\n\t\t\t\n\t\t\t\t<div id=\"ngg-image-1\" class=\"ngg-gallery-thumbnail-box\n\t\t\t\t\t\t\t\tngg-3-columns\t\t\t\"\n\t\t\t>\n\t\t\t\t\t\t<div class=\"ngg-gallery-thumbnail\">\n\t\t<a href=\"https:\/\/www.schaper-gartenbau.de\/wp-content\/gallery\/gallery_work\/img_work_02.jpg?t=1464891865\"\n\t\t\ttitle=\"\"\n\t\t\tdata-src=\"https:\/\/www.schaper-gartenbau.de\/wp-content\/gallery\/gallery_work\/img_work_02.jpg?t=1464891865\"\n\t\t\tdata-thumbnail=\"https:\/\/www.schaper-gartenbau.de\/wp-content\/gallery\/gallery_work\/thumbs\/thumbs_img_work_02.jpg?t=1464891865\"\n\t\t\tdata-image-id=\"47\"\n\t\t\tdata-image-name=\"img_work_02.jpg\"\n\t\t\tdata-title=\"..den Bogen raus.\"\n\t\t\tdata-description=\"\"\n\t\t\tdata-image-slug=\"img_work_02\"\n\t\t\t\t\t\t\t\t\t\t\t\t\t\t\t\t\t\t\t\tclass=\"ngg-fancybox\" rel=\"032380e73fc9e3f312482e919af97eda\">\n\t\t\t\t\t\t\t\t<img\n\t\t\t\t\ttitle=\"..den Bogen raus.\"\n\t\t\t\t\talt=\"..den Bogen raus.\"\n\t\t\t\t\tsrc=\"https:\/\/www.schaper-gartenbau.de\/wp-content\/gallery\/gallery_work\/thumbs\/thumbs_img_work_02.jpg?t=1464891865\"\n\t\t\t\t\twidth=\"240\"\n\t\t\t\t\theight=\"240\"\n\t\t\t\t\tstyle=\"max-width:100%;\"\n\t\t\t\t\/>\n\t\t\t<\/a>\n\t\t<\/div>\n\t\t\t\t\t\t\t<\/div>\n\t\t\t\n\t\t\t\t<div id=\"ngg-image-2\" class=\"ngg-gallery-thumbnail-box\n\t\t\t\t\t\t\t\tngg-3-columns\t\t\t\"\n\t\t\t>\n\t\t\t\t\t\t<div class=\"ngg-gallery-thumbnail\">\n\t\t<a href=\"https:\/\/www.schaper-gartenbau.de\/wp-content\/gallery\/gallery_work\/img_work_03.jpg?t=1464891865\"\n\t\t\ttitle=\"\"\n\t\t\tdata-src=\"https:\/\/www.schaper-gartenbau.de\/wp-content\/gallery\/gallery_work\/img_work_03.jpg?t=1464891865\"\n\t\t\tdata-thumbnail=\"https:\/\/www.schaper-gartenbau.de\/wp-content\/gallery\/gallery_work\/thumbs\/thumbs_img_work_03.jpg?t=1464891865\"\n\t\t\tdata-image-id=\"48\"\n\t\t\tdata-image-name=\"img_work_03.jpg\"\n\t\t\tdata-title=\"Hart im Nehmen...\"\n\t\t\tdata-description=\"\"\n\t\t\tdata-image-slug=\"img_work_03\"\n\t\t\t\t\t\t\t\t\t\t\t\t\t\t\t\t\t\t\t\tclass=\"ngg-fancybox\" rel=\"032380e73fc9e3f312482e919af97eda\">\n\t\t\t\t\t\t\t\t<img\n\t\t\t\t\ttitle=\"Hart im Nehmen...\"\n\t\t\t\t\talt=\"Hart im Nehmen...\"\n\t\t\t\t\tsrc=\"https:\/\/www.schaper-gartenbau.de\/wp-content\/gallery\/gallery_work\/thumbs\/thumbs_img_work_03.jpg?t=1464891865\"\n\t\t\t\t\twidth=\"240\"\n\t\t\t\t\theight=\"240\"\n\t\t\t\t\tstyle=\"max-width:100%;\"\n\t\t\t\t\/>\n\t\t\t<\/a>\n\t\t<\/div>\n\t\t\t\t\t\t\t<\/div>\n\t\t\t\n\t\t\t\t<div id=\"ngg-image-3\" class=\"ngg-gallery-thumbnail-box\n\t\t\t\t\t\t\t\tngg-3-columns\t\t\t\"\n\t\t\t>\n\t\t\t\t\t\t<div class=\"ngg-gallery-thumbnail\">\n\t\t<a href=\"https:\/\/www.schaper-gartenbau.de\/wp-content\/gallery\/gallery_work\/img_work_04.jpg?t=1464891865\"\n\t\t\ttitle=\"\"\n\t\t\tdata-src=\"https:\/\/www.schaper-gartenbau.de\/wp-content\/gallery\/gallery_work\/img_work_04.jpg?t=1464891865\"\n\t\t\tdata-thumbnail=\"https:\/\/www.schaper-gartenbau.de\/wp-content\/gallery\/gallery_work\/thumbs\/thumbs_img_work_04.jpg?t=1464891865\"\n\t\t\tdata-image-id=\"49\"\n\t\t\tdata-image-name=\"img_work_04.jpg\"\n\t\t\tdata-title=\"25 Jahre :-)\"\n\t\t\tdata-description=\"\"\n\t\t\tdata-image-slug=\"img_work_04\"\n\t\t\t\t\t\t\t\t\t\t\t\t\t\t\t\t\t\t\t\tclass=\"ngg-fancybox\" rel=\"032380e73fc9e3f312482e919af97eda\">\n\t\t\t\t\t\t\t\t<img\n\t\t\t\t\ttitle=\"25 Jahre :-)\"\n\t\t\t\t\talt=\"25 Jahre :-)\"\n\t\t\t\t\tsrc=\"https:\/\/www.schaper-gartenbau.de\/wp-content\/gallery\/gallery_work\/thumbs\/thumbs_img_work_04.jpg?t=1464891865\"\n\t\t\t\t\twidth=\"240\"\n\t\t\t\t\theight=\"240\"\n\t\t\t\t\tstyle=\"max-width:100%;\"\n\t\t\t\t\/>\n\t\t\t<\/a>\n\t\t<\/div>\n\t\t\t\t\t\t\t<\/div>\n\t\t\t\n\t\t\t\t<div id=\"ngg-image-4\" class=\"ngg-gallery-thumbnail-box\n\t\t\t\t\t\t\t\tngg-3-columns\t\t\t\"\n\t\t\t>\n\t\t\t\t\t\t<div class=\"ngg-gallery-thumbnail\">\n\t\t<a href=\"https:\/\/www.schaper-gartenbau.de\/wp-content\/gallery\/gallery_work\/img_work_05.jpg?t=1464891865\"\n\t\t\ttitle=\"\"\n\t\t\tdata-src=\"https:\/\/www.schaper-gartenbau.de\/wp-content\/gallery\/gallery_work\/img_work_05.jpg?t=1464891865\"\n\t\t\tdata-thumbnail=\"https:\/\/www.schaper-gartenbau.de\/wp-content\/gallery\/gallery_work\/thumbs\/thumbs_img_work_05.jpg?t=1464891865\"\n\t\t\tdata-image-id=\"50\"\n\t\t\tdata-image-name=\"img_work_05.jpg\"\n\t\t\tdata-title=\"Etwas bewegen!\"\n\t\t\tdata-description=\"\"\n\t\t\tdata-image-slug=\"img_work_05\"\n\t\t\t\t\t\t\t\t\t\t\t\t\t\t\t\t\t\t\t\tclass=\"ngg-fancybox\" rel=\"032380e73fc9e3f312482e919af97eda\">\n\t\t\t\t\t\t\t\t<img\n\t\t\t\t\ttitle=\"Etwas bewegen!\"\n\t\t\t\t\talt=\"Etwas bewegen!\"\n\t\t\t\t\tsrc=\"https:\/\/www.schaper-gartenbau.de\/wp-content\/gallery\/gallery_work\/thumbs\/thumbs_img_work_05.jpg?t=1464891865\"\n\t\t\t\t\twidth=\"240\"\n\t\t\t\t\theight=\"240\"\n\t\t\t\t\tstyle=\"max-width:100%;\"\n\t\t\t\t\/>\n\t\t\t<\/a>\n\t\t<\/div>\n\t\t\t\t\t\t\t<\/div>\n\t\t\t\n\t\t\t\t<div id=\"ngg-image-5\" class=\"ngg-gallery-thumbnail-box\n\t\t\t\t\t\t\t\tngg-3-columns\t\t\t\"\n\t\t\t>\n\t\t\t\t\t\t<div class=\"ngg-gallery-thumbnail\">\n\t\t<a href=\"https:\/\/www.schaper-gartenbau.de\/wp-content\/gallery\/gallery_work\/img_gardening_01.jpg?t=1464891865\"\n\t\t\ttitle=\"\"\n\t\t\tdata-src=\"https:\/\/www.schaper-gartenbau.de\/wp-content\/gallery\/gallery_work\/img_gardening_01.jpg?t=1464891865\"\n\t\t\tdata-thumbnail=\"https:\/\/www.schaper-gartenbau.de\/wp-content\/gallery\/gallery_work\/thumbs\/thumbs_img_gardening_01.jpg?t=1464891865\"\n\t\t\tdata-image-id=\"60\"\n\t\t\tdata-image-name=\"img_gardening_01.jpg\"\n\t\t\tdata-title=\"Mal im Gr\u00fcnen.\"\n\t\t\tdata-description=\"\"\n\t\t\tdata-image-slug=\"img_gardening_01\"\n\t\t\t\t\t\t\t\t\t\t\t\t\t\t\t\t\t\t\t\tclass=\"ngg-fancybox\" rel=\"032380e73fc9e3f312482e919af97eda\">\n\t\t\t\t\t\t\t\t<img\n\t\t\t\t\ttitle=\"Mal im Gr\u00fcnen.\"\n\t\t\t\t\talt=\"Mal im Gr\u00fcnen.\"\n\t\t\t\t\tsrc=\"https:\/\/www.schaper-gartenbau.de\/wp-content\/gallery\/gallery_work\/thumbs\/thumbs_img_gardening_01.jpg?t=1464891865\"\n\t\t\t\t\twidth=\"240\"\n\t\t\t\t\theight=\"240\"\n\t\t\t\t\tstyle=\"max-width:100%;\"\n\t\t\t\t\/>\n\t\t\t<\/a>\n\t\t<\/div>\n\t\t\t\t\t\t\t<\/div>\n\t\t\t\n\t\n\t<br style=\"clear: both\" \/>\n\n\t\n\t\t<!-- Pagination -->\n\t\t<div class='ngg-clear'><\/div>\t<\/div>\n<\/p>\n","protected":false},"excerpt":{"rendered":"<p>Seit \u00fcber 20 25 Jahren im Einsatz f\u00fcr sch\u00f6nere G\u00e4rten! &nbsp; Nach der Firmengr\u00fcndung im Januar 1991 war die Firma &#8222;Garten- und Landschaftsbau Heiko Schaper&#8220; zun\u00e4chst in der Ortschaft Diemarden und sp\u00e4ter in Geismar ans\u00e4ssig Ende Januar 2004 erfolgte der Umzug ins neue Domizil in die Steinsm\u00fchle bei Klein Lengden. Mit dabei von Anfang an: [&hellip;]<\/p>\n","protected":false},"author":1,"featured_media":0,"parent":0,"menu_order":3,"comment_status":"closed","ping_status":"closed","template":"","meta":{"ngg_post_thumbnail":0},"_links":{"self":[{"href":"https:\/\/www.schaper-gartenbau.de\/index.php?rest_route=\/wp\/v2\/pages\/51"}],"collection":[{"href":"https:\/\/www.schaper-gartenbau.de\/index.php?rest_route=\/wp\/v2\/pages"}],"about":[{"href":"https:\/\/www.schaper-gartenbau.de\/index.php?rest_route=\/wp\/v2\/types\/page"}],"author":[{"embeddable":true,"href":"https:\/\/www.schaper-gartenbau.de\/index.php?rest_route=\/wp\/v2\/users\/1"}],"replies":[{"embeddable":true,"href":"https:\/\/www.schaper-gartenbau.de\/index.php?rest_route=%2Fwp%2Fv2%2Fcomments&post=51"}],"version-history":[{"count":12,"href":"https:\/\/www.schaper-gartenbau.de\/index.php?rest_route=\/wp\/v2\/pages\/51\/revisions"}],"predecessor-version":[{"id":944,"href":"https:\/\/www.schaper-gartenbau.de\/index.php?rest_route=\/wp\/v2\/pages\/51\/revisions\/944"}],"wp:attachment":[{"href":"https:\/\/www.schaper-gartenbau.de\/index.php?rest_route=%2Fwp%2Fv2%2Fmedia&parent=51"}],"curies":[{"name":"wp","href":"https:\/\/api.w.org\/{rel}","templated":true}]}}