{"id":67,"date":"2016-05-02T19:40:17","date_gmt":"2016-05-02T19:40:17","guid":{"rendered":"https:\/\/www.schaper-gartenbau.de\/?page_id=67"},"modified":"2024-02-01T20:16:36","modified_gmt":"2024-02-01T20:16:36","slug":"hallo","status":"publish","type":"page","link":"https:\/\/www.schaper-gartenbau.de\/","title":{"rendered":"Hallo!"},"content":{"rendered":"<h2 class=\"span12\" style=\"text-align: center;\">Willkommen auf unseren Seiten im Netz<\/h2>\n<p class=\"text_padding5\" style=\"text-align: center;\" align=\"left\">Sie finden hier einen kleinen \u00dcberblick \u00fcber unser Leistungsspektrum &#8211; Wir sind ihr zuverl\u00e4ssiger Partner f\u00fcr alle Dienstleistungen rund um den Garten- und Landschaftsbau von der Beratung \u00fcber die Gestaltung bis hin zur regelm\u00e4\u00dfigen Pflege. Ob privater Garten oder repr\u00e4sentative Gr\u00fcnanlage: Wir machen das!<\/p>\n<p class=\"text_padding5\" style=\"display: none; background-color: ivory; text-align: center; border: 1px solid #dfdfdf; margin: 15px;\">Das Team von Heiko Schaper Garten- und Landschaftsbau w\u00fcnscht<br \/>\nein Frohes Weihnachtsfest und einen guten Start ins Neue Jahr.<span style=\"color: #78c679; font-size: 22px; font-weight: bold;\"><img loading=\"lazy\" class=\"aligncenter size-full wp-image-718\" src=\"https:\/\/www.schaper-gartenbau.de\/wp-content\/uploads\/2016\/12\/weihnachtseumel.png\" alt=\"weihnachtseumel\" width=\"140\" height=\"139\"><\/span><\/p>\n<p class=\"text_padding5\" style=\"text-align: center;\">Kaum zu glauben&#8230;:<\/p>\n<p style=\"text-align: center;\"><span style=\"color: #78c679; font-size: 22px; font-weight: bold;\">\u00dcber 30 Jahre im Gr\u00fcnen!<br \/>\n<\/span><\/p>\n<p style=\"text-align: center;\">Garten- und Landschaftsbau Heiko Schaper gibt es seit 1991 \ud83d\ude42<\/p>\n<p align=\"left\">&nbsp;<\/p>\n<p class=\"text_padding5\" style=\"text-align: center;\" align=\"left\">Ein <strong>Riesen-Dankesch\u00f6n<\/strong> an alle, die uns ihre G\u00e4rten anvertraut haben!<\/p>\n<p>&nbsp;<\/p>\n<p><!--Box static news - handmade --><\/p>\n<div class=\"row\" style=\"margin-right: 0; margin-left: 0; margin-top: 41px; background-color: #ffffff;\">\n<h4 style=\"margin-left: 10px;\">Ein paar Vorschl\u00e4ge zum St\u00f6bern:<\/h4>\n<div class=\"col-md-4\" style=\"float: left; width: 33.33%;\">\n<div style=\"border: 0px solid #efefef; padding: 3px; margin-top: 1em; text-align: center;\">\n<p><a href=\"https:\/\/www.schaper-gartenbau.de\/?page_id=37\"><span style=\"color: #78c679;\">Wege und Zufahrten<\/span><\/a><\/p>\n<p><a href=\"https:\/\/www.schaper-gartenbau.de\/?page_id=37\"><br \/>\n<img loading=\"lazy\" class=\"size-full wp-image-361 aligncenter\" src=\"https:\/\/www.schaper-gartenbau.de\/wp-content\/uploads\/2016\/05\/page_wege.jpg\" alt=\"page_wege\" width=\"270\" height=\"250\"><br \/>\n<\/a><\/p>\n<p class=\"text_padding5\" style=\"text-align: center;\" align=\"center\"><a style=\"color: #afafaf;\" href=\"https:\/\/www.schaper-gartenbau.de\/?page_id=37\"><br \/>\nBegleiten Sie uns bei der Neugestaltung einer Zufahrt&#8230;<br \/>\n<\/a><\/p>\n<\/div>\n<\/div>\n<div class=\"col-md-4\" style=\"float: left; width: 33.33%;\">\n<div style=\"border: 0px solid #efefef; padding: 3px; margin-top: 1em; text-align: center;\">\n<p><a href=\"https:\/\/www.schaper-gartenbau.de\/?page_id=2\"><span style=\"color: #78c679;\">Allerlei Sch\u00f6nes<\/span><\/a><\/p>\n<p><a href=\"https:\/\/www.schaper-gartenbau.de\/?page_id=2\"><br \/>\n<img loading=\"lazy\" class=\"size-full wp-image-385 aligncenter\" src=\"https:\/\/www.schaper-gartenbau.de\/wp-content\/uploads\/2016\/05\/page_gartenhaus.jpg\" alt=\"page_gartenhaus\" width=\"270\" height=\"250\"><br \/>\n<\/a><\/p>\n<p class=\"text_padding5\" style=\"text-align: center;\" align=\"center\"><a style=\"color: #afafaf;\" href=\"https:\/\/www.schaper-gartenbau.de\/?page_id=2\"><br \/>\nSchauen Sie sich an, was man im Garten sonst noch so alles bauen kann&#8230;<br \/>\n<\/a><\/p>\n<\/div>\n<\/div>\n<div class=\"col-md-4\" style=\"float: left; width: 33.33%;\">\n<div style=\"border: 0px solid #efefef; padding: 3px; margin-top: 1em; text-align: center;\">\n<p><a href=\"https:\/\/www.schaper-gartenbau.de\/?page_id=39\"><span style=\"color: #78c679;\">Trockenmauern &nbsp;&nbsp;&nbsp;&nbsp;&nbsp;&nbsp;<\/span><\/a><\/p>\n<p><a href=\"https:\/\/www.schaper-gartenbau.de\/?page_id=39\"><br \/>\n<img loading=\"lazy\" class=\"size-full wp-image-390 aligncenter\" src=\"https:\/\/www.schaper-gartenbau.de\/wp-content\/uploads\/2016\/05\/page_trockenmauer.jpg\" alt=\"Trockenmauern\" width=\"270\" height=\"250\"><br \/>\n<\/a><\/p>\n<p class=\"text_padding5\" style=\"text-align: center;\" align=\"center\"><a style=\"color: #afafaf; size: 1em;\" href=\"https:\/\/www.schaper-gartenbau.de\/?page_id=39\"><br \/>\nHier gibt es ein paar Impressionen von verschiedenen Trockenmauern&#8230;<br \/>\n<\/a><\/p>\n<\/div>\n<\/div>\n<\/div>\n<p>&nbsp;<\/p>\n","protected":false},"excerpt":{"rendered":"<p>Willkommen auf unseren Seiten im Netz Sie finden hier einen kleinen \u00dcberblick \u00fcber unser Leistungsspektrum &#8211; Wir sind ihr zuverl\u00e4ssiger Partner f\u00fcr alle Dienstleistungen rund um den Garten- und Landschaftsbau von der Beratung \u00fcber die Gestaltung bis hin zur regelm\u00e4\u00dfigen Pflege. Ob privater Garten oder repr\u00e4sentative Gr\u00fcnanlage: Wir machen das! Das Team von Heiko Schaper [&hellip;]<\/p>\n","protected":false},"author":1,"featured_media":0,"parent":0,"menu_order":1,"comment_status":"closed","ping_status":"closed","template":"","meta":{"ngg_post_thumbnail":0},"_links":{"self":[{"href":"https:\/\/www.schaper-gartenbau.de\/index.php?rest_route=\/wp\/v2\/pages\/67"}],"collection":[{"href":"https:\/\/www.schaper-gartenbau.de\/index.php?rest_route=\/wp\/v2\/pages"}],"about":[{"href":"https:\/\/www.schaper-gartenbau.de\/index.php?rest_route=\/wp\/v2\/types\/page"}],"author":[{"embeddable":true,"href":"https:\/\/www.schaper-gartenbau.de\/index.php?rest_route=\/wp\/v2\/users\/1"}],"replies":[{"embeddable":true,"href":"https:\/\/www.schaper-gartenbau.de\/index.php?rest_route=%2Fwp%2Fv2%2Fcomments&post=67"}],"version-history":[{"count":92,"href":"https:\/\/www.schaper-gartenbau.de\/index.php?rest_route=\/wp\/v2\/pages\/67\/revisions"}],"predecessor-version":[{"id":1277,"href":"https:\/\/www.schaper-gartenbau.de\/index.php?rest_route=\/wp\/v2\/pages\/67\/revisions\/1277"}],"wp:attachment":[{"href":"https:\/\/www.schaper-gartenbau.de\/index.php?rest_route=%2Fwp%2Fv2%2Fmedia&parent=67"}],"curies":[{"name":"wp","href":"https:\/\/api.w.org\/{rel}","templated":true}]}}